{"id":190,"date":"2022-10-31T07:37:28","date_gmt":"2022-10-31T07:37:28","guid":{"rendered":"https:\/\/ziyafetrestaurant.com\/en\/?page_id=190"},"modified":"2025-10-21T10:33:19","modified_gmt":"2025-10-21T10:33:19","slug":"corbalar","status":"publish","type":"page","link":"https:\/\/ziyafetrestaurant.com\/en\/corbalar\/","title":{"rendered":"\u00c7ORBALAR"},"content":{"rendered":"\t\t<div data-elementor-type=\"wp-page\" data-elementor-id=\"190\" class=\"elementor elementor-190\">\n\t\t\t\t\t\t\t\t\t<section class=\"elementor-section elementor-top-section elementor-element elementor-element-cbad130 elementor-section-boxed elementor-section-height-default elementor-section-height-default\" data-id=\"cbad130\" data-element_type=\"section\">\n\t\t\t\t\t\t<div class=\"elementor-container elementor-column-gap-default\">\n\t\t\t\t\t<div class=\"elementor-column elementor-col-33 elementor-top-column elementor-element elementor-element-523e499\" data-id=\"523e499\" data-element_type=\"column\">\n\t\t\t<div class=\"elementor-widget-wrap elementor-element-populated\">\n\t\t\t\t\t\t\t\t<div class=\"elementor-element elementor-element-aa6b501 elementor-widget elementor-widget-image\" data-id=\"aa6b501\" data-element_type=\"widget\" data-widget_type=\"image.default\">\n\t\t\t\t<div class=\"elementor-widget-container\">\n\t\t\t<style>\/*! elementor - v3.11.1 - 15-02-2023 *\/\n.elementor-widget-image{text-align:center}.elementor-widget-image a{display:inline-block}.elementor-widget-image a img[src$=\".svg\"]{width:48px}.elementor-widget-image img{vertical-align:middle;display:inline-block}<\/style>\t\t\t\t\t\t\t\t\t<figure class=\"wp-caption\">\n\t\t\t\t\t\t\t\t\t\t<img decoding=\"async\" width=\"1024\" height=\"1024\" src=\"https:\/\/ziyafetrestaurant.com\/en\/wp-content\/uploads\/2022\/11\/1024.jpg\" class=\"attachment-large size-large wp-image-911\" alt=\"\" loading=\"lazy\" srcset=\"https:\/\/ziyafetrestaurant.com\/en\/wp-content\/uploads\/2022\/11\/1024.jpg 1024w, https:\/\/ziyafetrestaurant.com\/en\/wp-content\/uploads\/2022\/11\/1024-300x300.jpg 300w, https:\/\/ziyafetrestaurant.com\/en\/wp-content\/uploads\/2022\/11\/1024-150x150.jpg 150w, https:\/\/ziyafetrestaurant.com\/en\/wp-content\/uploads\/2022\/11\/1024-768x768.jpg 768w\" sizes=\"(max-width: 1024px) 100vw, 1024px\" \/>\t\t\t\t\t\t\t\t\t\t\t<figcaption class=\"widget-image-caption wp-caption-text\">Red Lentil Soup:150\u20ba<\/figcaption>\n\t\t\t\t\t\t\t\t\t\t<\/figure>\n\t\t\t\t\t\t\t\t\t<\/div>\n\t\t\t\t<\/div>\n\t\t\t\t\t<\/div>\n\t\t<\/div>\n\t\t\t\t<div class=\"elementor-column elementor-col-33 elementor-top-column elementor-element elementor-element-55e0f43\" data-id=\"55e0f43\" data-element_type=\"column\">\n\t\t\t<div class=\"elementor-widget-wrap\">\n\t\t\t\t\t\t\t\t\t<\/div>\n\t\t<\/div>\n\t\t\t\t<div class=\"elementor-column elementor-col-33 elementor-top-column elementor-element elementor-element-9bcc38a\" data-id=\"9bcc38a\" data-element_type=\"column\">\n\t\t\t<div class=\"elementor-widget-wrap elementor-element-populated\">\n\t\t\t\t\t\t\t\t<div class=\"elementor-element elementor-element-c0506fc elementor-widget elementor-widget-image\" data-id=\"c0506fc\" data-element_type=\"widget\" data-widget_type=\"image.default\">\n\t\t\t\t<div class=\"elementor-widget-container\">\n\t\t\t\t\t\t\t\t\t\t\t\t<figure class=\"wp-caption\">\n\t\t\t\t\t\t\t\t\t\t<img decoding=\"async\" width=\"1024\" height=\"1024\" src=\"https:\/\/ziyafetrestaurant.com\/en\/wp-content\/uploads\/2022\/11\/mercimek-corb-1.jpg\" class=\"attachment-large size-large wp-image-910\" alt=\"\" loading=\"lazy\" srcset=\"https:\/\/ziyafetrestaurant.com\/en\/wp-content\/uploads\/2022\/11\/mercimek-corb-1.jpg 1024w, https:\/\/ziyafetrestaurant.com\/en\/wp-content\/uploads\/2022\/11\/mercimek-corb-1-300x300.jpg 300w, https:\/\/ziyafetrestaurant.com\/en\/wp-content\/uploads\/2022\/11\/mercimek-corb-1-150x150.jpg 150w, https:\/\/ziyafetrestaurant.com\/en\/wp-content\/uploads\/2022\/11\/mercimek-corb-1-768x768.jpg 768w\" sizes=\"(max-width: 1024px) 100vw, 1024px\" \/>\t\t\t\t\t\t\t\t\t\t\t<figcaption class=\"widget-image-caption wp-caption-text\">Soup of the Day: 150 \u20ba<\/figcaption>\n\t\t\t\t\t\t\t\t\t\t<\/figure>\n\t\t\t\t\t\t\t\t\t<\/div>\n\t\t\t\t<\/div>\n\t\t\t\t\t<\/div>\n\t\t<\/div>\n\t\t\t\t\t\t\t<\/div>\n\t\t<\/section>\n\t\t\t\t<section class=\"elementor-section elementor-top-section elementor-element elementor-element-61b1eb7 elementor-section-boxed elementor-section-height-default elementor-section-height-default\" data-id=\"61b1eb7\" data-element_type=\"section\">\n\t\t\t\t\t\t<div class=\"elementor-container elementor-column-gap-default\">\n\t\t\t\t\t<div class=\"elementor-column elementor-col-100 elementor-top-column elementor-element elementor-element-6153fa8\" data-id=\"6153fa8\" data-element_type=\"column\">\n\t\t\t<div class=\"elementor-widget-wrap elementor-element-populated\">\n\t\t\t\t\t\t\t\t<div class=\"elementor-element elementor-element-b1a8152 elementor-align-center elementor-widget elementor-widget-button\" data-id=\"b1a8152\" data-element_type=\"widget\" data-widget_type=\"button.default\">\n\t\t\t\t<div class=\"elementor-widget-container\">\n\t\t\t\t\t<div class=\"elementor-button-wrapper\">\n\t\t\t<a href=\"https:\/\/ziyafetrestaurant.com\/en\/menu\/\" class=\"elementor-button-link elementor-button elementor-size-sm\" role=\"button\">\n\t\t\t\t\t\t<span class=\"elementor-button-content-wrapper\">\n\t\t\t\t\t\t<span class=\"elementor-button-text\">MEN\u00dcYE GER\u0130 D\u00d6N<\/span>\n\t\t<\/span>\n\t\t\t\t\t<\/a>\n\t\t<\/div>\n\t\t\t\t<\/div>\n\t\t\t\t<\/div>\n\t\t\t\t\t<\/div>\n\t\t<\/div>\n\t\t\t\t\t\t\t<\/div>\n\t\t<\/section>\n\t\t\t\t\t\t\t<\/div>\n\t\t","protected":false},"excerpt":{"rendered":"<p>Red Lentil Soup:150\u20ba Soup of the Day: 150 \u20ba MEN\u00dcYE [&hellip;]<\/p>\n","protected":false},"author":1,"featured_media":0,"parent":0,"menu_order":0,"comment_status":"closed","ping_status":"closed","template":"elementor_header_footer","meta":[],"_links":{"self":[{"href":"https:\/\/ziyafetrestaurant.com\/en\/wp-json\/wp\/v2\/pages\/190"}],"collection":[{"href":"https:\/\/ziyafetrestaurant.com\/en\/wp-json\/wp\/v2\/pages"}],"about":[{"href":"https:\/\/ziyafetrestaurant.com\/en\/wp-json\/wp\/v2\/types\/page"}],"author":[{"embeddable":true,"href":"https:\/\/ziyafetrestaurant.com\/en\/wp-json\/wp\/v2\/users\/1"}],"replies":[{"embeddable":true,"href":"https:\/\/ziyafetrestaurant.com\/en\/wp-json\/wp\/v2\/comments?post=190"}],"version-history":[{"count":58,"href":"https:\/\/ziyafetrestaurant.com\/en\/wp-json\/wp\/v2\/pages\/190\/revisions"}],"predecessor-version":[{"id":2273,"href":"https:\/\/ziyafetrestaurant.com\/en\/wp-json\/wp\/v2\/pages\/190\/revisions\/2273"}],"wp:attachment":[{"href":"https:\/\/ziyafetrestaurant.com\/en\/wp-json\/wp\/v2\/media?parent=190"}],"curies":[{"name":"wp","href":"https:\/\/api.w.org\/{rel}","templated":true}]}}