{"id":298,"date":"2022-10-31T13:08:17","date_gmt":"2022-10-31T13:08:17","guid":{"rendered":"https:\/\/ziyafetrestaurant.com\/en\/?page_id=298"},"modified":"2025-10-21T11:24:05","modified_gmt":"2025-10-21T11:24:05","slug":"salatalar","status":"publish","type":"page","link":"https:\/\/ziyafetrestaurant.com\/en\/salatalar\/","title":{"rendered":"SALATALAR"},"content":{"rendered":"\t\t<div data-elementor-type=\"wp-page\" data-elementor-id=\"298\" class=\"elementor elementor-298\">\n\t\t\t\t\t\t\t\t\t<section class=\"elementor-section elementor-top-section elementor-element elementor-element-4874f26 elementor-section-boxed elementor-section-height-default elementor-section-height-default\" data-id=\"4874f26\" data-element_type=\"section\">\n\t\t\t\t\t\t<div class=\"elementor-container elementor-column-gap-default\">\n\t\t\t\t\t<div class=\"elementor-column elementor-col-33 elementor-top-column elementor-element elementor-element-7ca9941\" data-id=\"7ca9941\" data-element_type=\"column\">\n\t\t\t<div class=\"elementor-widget-wrap elementor-element-populated\">\n\t\t\t\t\t\t\t\t<div class=\"elementor-element elementor-element-1cc6a7a elementor-widget elementor-widget-image\" data-id=\"1cc6a7a\" data-element_type=\"widget\" data-widget_type=\"image.default\">\n\t\t\t\t<div class=\"elementor-widget-container\">\n\t\t\t<style>\/*! elementor - v3.11.1 - 15-02-2023 *\/\n.elementor-widget-image{text-align:center}.elementor-widget-image a{display:inline-block}.elementor-widget-image a img[src$=\".svg\"]{width:48px}.elementor-widget-image img{vertical-align:middle;display:inline-block}<\/style>\t\t\t\t\t\t\t\t\t<figure class=\"wp-caption\">\n\t\t\t\t\t\t\t\t\t\t<img decoding=\"async\" width=\"1024\" height=\"1024\" src=\"https:\/\/ziyafetrestaurant.com\/en\/wp-content\/uploads\/2022\/11\/coban-salata-1.jpg\" class=\"attachment-large size-large wp-image-1005\" alt=\"\" loading=\"lazy\" srcset=\"https:\/\/ziyafetrestaurant.com\/en\/wp-content\/uploads\/2022\/11\/coban-salata-1.jpg 1024w, https:\/\/ziyafetrestaurant.com\/en\/wp-content\/uploads\/2022\/11\/coban-salata-1-300x300.jpg 300w, https:\/\/ziyafetrestaurant.com\/en\/wp-content\/uploads\/2022\/11\/coban-salata-1-150x150.jpg 150w, https:\/\/ziyafetrestaurant.com\/en\/wp-content\/uploads\/2022\/11\/coban-salata-1-768x768.jpg 768w\" sizes=\"(max-width: 1024px) 100vw, 1024px\" \/>\t\t\t\t\t\t\t\t\t\t\t<figcaption class=\"widget-image-caption wp-caption-text\">\u00c7OBAN SALATA: 280\u20ba - 380\u20ba<\/figcaption>\n\t\t\t\t\t\t\t\t\t\t<\/figure>\n\t\t\t\t\t\t\t\t\t<\/div>\n\t\t\t\t<\/div>\n\t\t\t\t\t<\/div>\n\t\t<\/div>\n\t\t\t\t<div class=\"elementor-column elementor-col-33 elementor-top-column elementor-element elementor-element-e32df3b\" data-id=\"e32df3b\" data-element_type=\"column\">\n\t\t\t<div class=\"elementor-widget-wrap elementor-element-populated\">\n\t\t\t\t\t\t\t\t<div class=\"elementor-element elementor-element-cfedb55 elementor-widget elementor-widget-image\" data-id=\"cfedb55\" data-element_type=\"widget\" data-widget_type=\"image.default\">\n\t\t\t\t<div class=\"elementor-widget-container\">\n\t\t\t\t\t\t\t\t\t\t\t\t<figure class=\"wp-caption\">\n\t\t\t\t\t\t\t\t\t\t<img decoding=\"async\" width=\"1024\" height=\"1024\" src=\"https:\/\/ziyafetrestaurant.com\/en\/wp-content\/uploads\/2022\/11\/mevsim-salata-1.jpg\" class=\"attachment-large size-large wp-image-1006\" alt=\"\" loading=\"lazy\" srcset=\"https:\/\/ziyafetrestaurant.com\/en\/wp-content\/uploads\/2022\/11\/mevsim-salata-1.jpg 1024w, https:\/\/ziyafetrestaurant.com\/en\/wp-content\/uploads\/2022\/11\/mevsim-salata-1-300x300.jpg 300w, https:\/\/ziyafetrestaurant.com\/en\/wp-content\/uploads\/2022\/11\/mevsim-salata-1-150x150.jpg 150w, https:\/\/ziyafetrestaurant.com\/en\/wp-content\/uploads\/2022\/11\/mevsim-salata-1-768x768.jpg 768w\" sizes=\"(max-width: 1024px) 100vw, 1024px\" \/>\t\t\t\t\t\t\t\t\t\t\t<figcaption class=\"widget-image-caption wp-caption-text\">MEVS\u0130M SALATASI: 270\u20ba - 380\u20ba<\/figcaption>\n\t\t\t\t\t\t\t\t\t\t<\/figure>\n\t\t\t\t\t\t\t\t\t<\/div>\n\t\t\t\t<\/div>\n\t\t\t\t\t<\/div>\n\t\t<\/div>\n\t\t\t\t<div class=\"elementor-column elementor-col-33 elementor-top-column elementor-element elementor-element-74d3f96\" data-id=\"74d3f96\" data-element_type=\"column\">\n\t\t\t<div class=\"elementor-widget-wrap elementor-element-populated\">\n\t\t\t\t\t\t\t\t<div class=\"elementor-element elementor-element-c149720 elementor-widget elementor-widget-image\" data-id=\"c149720\" data-element_type=\"widget\" data-widget_type=\"image.default\">\n\t\t\t\t<div class=\"elementor-widget-container\">\n\t\t\t\t\t\t\t\t\t\t\t\t<figure class=\"wp-caption\">\n\t\t\t\t\t\t\t\t\t\t<img decoding=\"async\" width=\"1024\" height=\"1024\" src=\"https:\/\/ziyafetrestaurant.com\/en\/wp-content\/uploads\/2022\/11\/gavurdagi-salata-1.jpg\" class=\"attachment-large size-large wp-image-1088\" alt=\"\" loading=\"lazy\" srcset=\"https:\/\/ziyafetrestaurant.com\/en\/wp-content\/uploads\/2022\/11\/gavurdagi-salata-1.jpg 1024w, https:\/\/ziyafetrestaurant.com\/en\/wp-content\/uploads\/2022\/11\/gavurdagi-salata-1-300x300.jpg 300w, https:\/\/ziyafetrestaurant.com\/en\/wp-content\/uploads\/2022\/11\/gavurdagi-salata-1-150x150.jpg 150w, https:\/\/ziyafetrestaurant.com\/en\/wp-content\/uploads\/2022\/11\/gavurdagi-salata-1-768x768.jpg 768w\" sizes=\"(max-width: 1024px) 100vw, 1024px\" \/>\t\t\t\t\t\t\t\t\t\t\t<figcaption class=\"widget-image-caption wp-caption-text\">GAVURDA\u011eI SALATASI: 320\u20ba - <\/figcaption>\n\t\t\t\t\t\t\t\t\t\t<\/figure>\n\t\t\t\t\t\t\t\t\t<\/div>\n\t\t\t\t<\/div>\n\t\t\t\t\t<\/div>\n\t\t<\/div>\n\t\t\t\t\t\t\t<\/div>\n\t\t<\/section>\n\t\t\t\t<section class=\"elementor-section elementor-top-section elementor-element elementor-element-b0df9c8 elementor-section-boxed elementor-section-height-default elementor-section-height-default\" data-id=\"b0df9c8\" data-element_type=\"section\">\n\t\t\t\t\t\t<div class=\"elementor-container elementor-column-gap-default\">\n\t\t\t\t\t<div class=\"elementor-column elementor-col-33 elementor-top-column elementor-element elementor-element-d247434\" data-id=\"d247434\" data-element_type=\"column\">\n\t\t\t<div class=\"elementor-widget-wrap elementor-element-populated\">\n\t\t\t\t\t\t\t\t<div class=\"elementor-element elementor-element-e1bf426 elementor-widget elementor-widget-image\" data-id=\"e1bf426\" data-element_type=\"widget\" data-widget_type=\"image.default\">\n\t\t\t\t<div class=\"elementor-widget-container\">\n\t\t\t\t\t\t\t\t\t\t\t\t<figure class=\"wp-caption\">\n\t\t\t\t\t\t\t\t\t\t<img decoding=\"async\" width=\"1024\" height=\"1024\" src=\"https:\/\/ziyafetrestaurant.com\/en\/wp-content\/uploads\/2022\/11\/peynirli-rokaaa.jpg\" class=\"attachment-large size-large wp-image-1007\" alt=\"\" loading=\"lazy\" srcset=\"https:\/\/ziyafetrestaurant.com\/en\/wp-content\/uploads\/2022\/11\/peynirli-rokaaa.jpg 1024w, https:\/\/ziyafetrestaurant.com\/en\/wp-content\/uploads\/2022\/11\/peynirli-rokaaa-300x300.jpg 300w, https:\/\/ziyafetrestaurant.com\/en\/wp-content\/uploads\/2022\/11\/peynirli-rokaaa-150x150.jpg 150w, https:\/\/ziyafetrestaurant.com\/en\/wp-content\/uploads\/2022\/11\/peynirli-rokaaa-768x768.jpg 768w\" sizes=\"(max-width: 1024px) 100vw, 1024px\" \/>\t\t\t\t\t\t\t\t\t\t\t<figcaption class=\"widget-image-caption wp-caption-text\">PEYN\u0130RL\u0130 ROKA SALATASI: 410\u20ba  <\/figcaption>\n\t\t\t\t\t\t\t\t\t\t<\/figure>\n\t\t\t\t\t\t\t\t\t<\/div>\n\t\t\t\t<\/div>\n\t\t\t\t\t<\/div>\n\t\t<\/div>\n\t\t\t\t<div class=\"elementor-column elementor-col-33 elementor-top-column elementor-element elementor-element-2503833\" data-id=\"2503833\" data-element_type=\"column\">\n\t\t\t<div class=\"elementor-widget-wrap elementor-element-populated\">\n\t\t\t\t\t\t\t\t<div class=\"elementor-element elementor-element-a2ffcd9 elementor-widget elementor-widget-image\" data-id=\"a2ffcd9\" data-element_type=\"widget\" data-widget_type=\"image.default\">\n\t\t\t\t<div class=\"elementor-widget-container\">\n\t\t\t\t\t\t\t\t\t\t\t\t<figure class=\"wp-caption\">\n\t\t\t\t\t\t\t\t\t\t<img decoding=\"async\" width=\"1024\" height=\"1024\" src=\"https:\/\/ziyafetrestaurant.com\/en\/wp-content\/uploads\/2022\/11\/sogus-salata-1.jpg\" class=\"attachment-large size-large wp-image-1008\" alt=\"\" loading=\"lazy\" srcset=\"https:\/\/ziyafetrestaurant.com\/en\/wp-content\/uploads\/2022\/11\/sogus-salata-1.jpg 1024w, https:\/\/ziyafetrestaurant.com\/en\/wp-content\/uploads\/2022\/11\/sogus-salata-1-300x300.jpg 300w, https:\/\/ziyafetrestaurant.com\/en\/wp-content\/uploads\/2022\/11\/sogus-salata-1-150x150.jpg 150w, https:\/\/ziyafetrestaurant.com\/en\/wp-content\/uploads\/2022\/11\/sogus-salata-1-768x768.jpg 768w\" sizes=\"(max-width: 1024px) 100vw, 1024px\" \/>\t\t\t\t\t\t\t\t\t\t\t<figcaption class=\"widget-image-caption wp-caption-text\">S\u00d6\u011e\u00dc\u015e: 275\u20ba <\/figcaption>\n\t\t\t\t\t\t\t\t\t\t<\/figure>\n\t\t\t\t\t\t\t\t\t<\/div>\n\t\t\t\t<\/div>\n\t\t\t\t\t<\/div>\n\t\t<\/div>\n\t\t\t\t<div class=\"elementor-column elementor-col-33 elementor-top-column elementor-element elementor-element-5138df4\" data-id=\"5138df4\" data-element_type=\"column\">\n\t\t\t<div class=\"elementor-widget-wrap elementor-element-populated\">\n\t\t\t\t\t\t\t\t<div class=\"elementor-element elementor-element-dfd048e elementor-widget elementor-widget-image\" data-id=\"dfd048e\" data-element_type=\"widget\" data-widget_type=\"image.default\">\n\t\t\t\t<div class=\"elementor-widget-container\">\n\t\t\t\t\t\t\t\t\t\t\t\t<figure class=\"wp-caption\">\n\t\t\t\t\t\t\t\t\t\t<img decoding=\"async\" width=\"1024\" height=\"1024\" src=\"https:\/\/ziyafetrestaurant.com\/en\/wp-content\/uploads\/2022\/11\/tavuklu-sezar-salata-1.jpg\" class=\"attachment-large size-large wp-image-1009\" alt=\"\" loading=\"lazy\" srcset=\"https:\/\/ziyafetrestaurant.com\/en\/wp-content\/uploads\/2022\/11\/tavuklu-sezar-salata-1.jpg 1024w, https:\/\/ziyafetrestaurant.com\/en\/wp-content\/uploads\/2022\/11\/tavuklu-sezar-salata-1-300x300.jpg 300w, https:\/\/ziyafetrestaurant.com\/en\/wp-content\/uploads\/2022\/11\/tavuklu-sezar-salata-1-150x150.jpg 150w, https:\/\/ziyafetrestaurant.com\/en\/wp-content\/uploads\/2022\/11\/tavuklu-sezar-salata-1-768x768.jpg 768w\" sizes=\"(max-width: 1024px) 100vw, 1024px\" \/>\t\t\t\t\t\t\t\t\t\t\t<figcaption class=\"widget-image-caption wp-caption-text\">SEZAR SALATA TAVUK\/ET: 575\u20ba<\/figcaption>\n\t\t\t\t\t\t\t\t\t\t<\/figure>\n\t\t\t\t\t\t\t\t\t<\/div>\n\t\t\t\t<\/div>\n\t\t\t\t\t<\/div>\n\t\t<\/div>\n\t\t\t\t\t\t\t<\/div>\n\t\t<\/section>\n\t\t\t\t<section class=\"elementor-section elementor-top-section elementor-element elementor-element-3a3ad6d elementor-section-boxed elementor-section-height-default elementor-section-height-default\" data-id=\"3a3ad6d\" data-element_type=\"section\">\n\t\t\t\t\t\t<div class=\"elementor-container elementor-column-gap-default\">\n\t\t\t\t\t<div class=\"elementor-column elementor-col-33 elementor-top-column elementor-element elementor-element-ee06ae1\" data-id=\"ee06ae1\" data-element_type=\"column\">\n\t\t\t<div class=\"elementor-widget-wrap elementor-element-populated\">\n\t\t\t\t\t\t\t\t<div class=\"elementor-element elementor-element-a4687a7 elementor-widget elementor-widget-image\" data-id=\"a4687a7\" data-element_type=\"widget\" data-widget_type=\"image.default\">\n\t\t\t\t<div class=\"elementor-widget-container\">\n\t\t\t\t\t\t\t\t\t\t\t\t<figure class=\"wp-caption\">\n\t\t\t\t\t\t\t\t\t\t<img decoding=\"async\" width=\"1024\" height=\"1024\" src=\"https:\/\/ziyafetrestaurant.com\/en\/wp-content\/uploads\/2022\/11\/Izgara-Hellim-Peynirli-salata-1.jpg\" class=\"attachment-large size-large wp-image-1010\" alt=\"\" loading=\"lazy\" srcset=\"https:\/\/ziyafetrestaurant.com\/en\/wp-content\/uploads\/2022\/11\/Izgara-Hellim-Peynirli-salata-1.jpg 1024w, https:\/\/ziyafetrestaurant.com\/en\/wp-content\/uploads\/2022\/11\/Izgara-Hellim-Peynirli-salata-1-300x300.jpg 300w, https:\/\/ziyafetrestaurant.com\/en\/wp-content\/uploads\/2022\/11\/Izgara-Hellim-Peynirli-salata-1-150x150.jpg 150w, https:\/\/ziyafetrestaurant.com\/en\/wp-content\/uploads\/2022\/11\/Izgara-Hellim-Peynirli-salata-1-768x768.jpg 768w\" sizes=\"(max-width: 1024px) 100vw, 1024px\" \/>\t\t\t\t\t\t\t\t\t\t\t<figcaption class=\"widget-image-caption wp-caption-text\">IZGARA HELL\u0130M PEYN\u0130R SALATA: 390\u20ba<\/figcaption>\n\t\t\t\t\t\t\t\t\t\t<\/figure>\n\t\t\t\t\t\t\t\t\t<\/div>\n\t\t\t\t<\/div>\n\t\t\t\t\t<\/div>\n\t\t<\/div>\n\t\t\t\t<div class=\"elementor-column elementor-col-33 elementor-top-column elementor-element elementor-element-7079f87\" data-id=\"7079f87\" data-element_type=\"column\">\n\t\t\t<div class=\"elementor-widget-wrap elementor-element-populated\">\n\t\t\t\t\t\t\t\t<div class=\"elementor-element elementor-element-859cafb elementor-widget elementor-widget-image\" data-id=\"859cafb\" data-element_type=\"widget\" data-widget_type=\"image.default\">\n\t\t\t\t<div class=\"elementor-widget-container\">\n\t\t\t\t\t\t\t\t\t\t\t\t<figure class=\"wp-caption\">\n\t\t\t\t\t\t\t\t\t\t<img decoding=\"async\" width=\"1024\" height=\"1024\" src=\"https:\/\/ziyafetrestaurant.com\/en\/wp-content\/uploads\/2022\/11\/harman-salatasi-1.jpg\" class=\"attachment-large size-large wp-image-1089\" alt=\"\" loading=\"lazy\" srcset=\"https:\/\/ziyafetrestaurant.com\/en\/wp-content\/uploads\/2022\/11\/harman-salatasi-1.jpg 1024w, https:\/\/ziyafetrestaurant.com\/en\/wp-content\/uploads\/2022\/11\/harman-salatasi-1-300x300.jpg 300w, https:\/\/ziyafetrestaurant.com\/en\/wp-content\/uploads\/2022\/11\/harman-salatasi-1-150x150.jpg 150w, https:\/\/ziyafetrestaurant.com\/en\/wp-content\/uploads\/2022\/11\/harman-salatasi-1-768x768.jpg 768w\" sizes=\"(max-width: 1024px) 100vw, 1024px\" \/>\t\t\t\t\t\t\t\t\t\t\t<figcaption class=\"widget-image-caption wp-caption-text\">HARMAN SALATA: 540\u20ba<\/figcaption>\n\t\t\t\t\t\t\t\t\t\t<\/figure>\n\t\t\t\t\t\t\t\t\t<\/div>\n\t\t\t\t<\/div>\n\t\t\t\t\t<\/div>\n\t\t<\/div>\n\t\t\t\t<div class=\"elementor-column elementor-col-33 elementor-top-column elementor-element elementor-element-c22522a\" data-id=\"c22522a\" data-element_type=\"column\">\n\t\t\t<div class=\"elementor-widget-wrap elementor-element-populated\">\n\t\t\t\t\t\t\t\t<div class=\"elementor-element elementor-element-f44fc71 elementor-widget elementor-widget-image\" data-id=\"f44fc71\" data-element_type=\"widget\" data-widget_type=\"image.default\">\n\t\t\t\t<div class=\"elementor-widget-container\">\n\t\t\t\t\t\t\t\t\t\t\t\t<figure class=\"wp-caption\">\n\t\t\t\t\t\t\t\t\t\t<img decoding=\"async\" width=\"1024\" height=\"1024\" src=\"https:\/\/ziyafetrestaurant.com\/en\/wp-content\/uploads\/2022\/11\/ton-balikli-salata-1.jpg\" class=\"attachment-large size-large wp-image-1011\" alt=\"\" loading=\"lazy\" srcset=\"https:\/\/ziyafetrestaurant.com\/en\/wp-content\/uploads\/2022\/11\/ton-balikli-salata-1.jpg 1024w, https:\/\/ziyafetrestaurant.com\/en\/wp-content\/uploads\/2022\/11\/ton-balikli-salata-1-300x300.jpg 300w, https:\/\/ziyafetrestaurant.com\/en\/wp-content\/uploads\/2022\/11\/ton-balikli-salata-1-150x150.jpg 150w, https:\/\/ziyafetrestaurant.com\/en\/wp-content\/uploads\/2022\/11\/ton-balikli-salata-1-768x768.jpg 768w\" sizes=\"(max-width: 1024px) 100vw, 1024px\" \/>\t\t\t\t\t\t\t\t\t\t\t<figcaption class=\"widget-image-caption wp-caption-text\">TON BALIKLI SALATA: 540\u20ba<\/figcaption>\n\t\t\t\t\t\t\t\t\t\t<\/figure>\n\t\t\t\t\t\t\t\t\t<\/div>\n\t\t\t\t<\/div>\n\t\t\t\t\t<\/div>\n\t\t<\/div>\n\t\t\t\t\t\t\t<\/div>\n\t\t<\/section>\n\t\t\t\t<section class=\"elementor-section elementor-top-section elementor-element elementor-element-682f7e2 elementor-section-boxed elementor-section-height-default elementor-section-height-default\" data-id=\"682f7e2\" data-element_type=\"section\">\n\t\t\t\t\t\t<div class=\"elementor-container elementor-column-gap-default\">\n\t\t\t\t\t<div class=\"elementor-column elementor-col-33 elementor-top-column elementor-element elementor-element-63ac7df\" data-id=\"63ac7df\" data-element_type=\"column\">\n\t\t\t<div class=\"elementor-widget-wrap elementor-element-populated\">\n\t\t\t\t\t\t\t\t<div class=\"elementor-element elementor-element-413fa25 elementor-widget elementor-widget-image\" data-id=\"413fa25\" data-element_type=\"widget\" data-widget_type=\"image.default\">\n\t\t\t\t<div class=\"elementor-widget-container\">\n\t\t\t\t\t\t\t\t\t\t\t\t<figure class=\"wp-caption\">\n\t\t\t\t\t\t\t\t\t\t<img decoding=\"async\" width=\"1024\" height=\"1024\" src=\"https:\/\/ziyafetrestaurant.com\/en\/wp-content\/uploads\/2022\/11\/capresse-salataaaa-1.jpg\" class=\"attachment-large size-large wp-image-1012\" alt=\"\" loading=\"lazy\" srcset=\"https:\/\/ziyafetrestaurant.com\/en\/wp-content\/uploads\/2022\/11\/capresse-salataaaa-1.jpg 1024w, https:\/\/ziyafetrestaurant.com\/en\/wp-content\/uploads\/2022\/11\/capresse-salataaaa-1-300x300.jpg 300w, https:\/\/ziyafetrestaurant.com\/en\/wp-content\/uploads\/2022\/11\/capresse-salataaaa-1-150x150.jpg 150w, https:\/\/ziyafetrestaurant.com\/en\/wp-content\/uploads\/2022\/11\/capresse-salataaaa-1-768x768.jpg 768w\" sizes=\"(max-width: 1024px) 100vw, 1024px\" \/>\t\t\t\t\t\t\t\t\t\t\t<figcaption class=\"widget-image-caption wp-caption-text\">MOZARELLA CAPRESSE SALATA: 450\u20ba<\/figcaption>\n\t\t\t\t\t\t\t\t\t\t<\/figure>\n\t\t\t\t\t\t\t\t\t<\/div>\n\t\t\t\t<\/div>\n\t\t\t\t\t<\/div>\n\t\t<\/div>\n\t\t\t\t<div class=\"elementor-column elementor-col-33 elementor-top-column elementor-element elementor-element-119156a\" data-id=\"119156a\" data-element_type=\"column\">\n\t\t\t<div class=\"elementor-widget-wrap elementor-element-populated\">\n\t\t\t\t\t\t\t\t<div class=\"elementor-element elementor-element-90ea2e2 elementor-widget elementor-widget-image\" data-id=\"90ea2e2\" data-element_type=\"widget\" data-widget_type=\"image.default\">\n\t\t\t\t<div class=\"elementor-widget-container\">\n\t\t\t\t\t\t\t\t\t\t\t\t<figure class=\"wp-caption\">\n\t\t\t\t\t\t\t\t\t\t<img decoding=\"async\" width=\"1024\" height=\"1024\" src=\"https:\/\/ziyafetrestaurant.com\/en\/wp-content\/uploads\/2022\/11\/kinoa-salatasi-1.jpg\" class=\"attachment-large size-large wp-image-1090\" alt=\"\" loading=\"lazy\" srcset=\"https:\/\/ziyafetrestaurant.com\/en\/wp-content\/uploads\/2022\/11\/kinoa-salatasi-1.jpg 1024w, https:\/\/ziyafetrestaurant.com\/en\/wp-content\/uploads\/2022\/11\/kinoa-salatasi-1-300x300.jpg 300w, https:\/\/ziyafetrestaurant.com\/en\/wp-content\/uploads\/2022\/11\/kinoa-salatasi-1-150x150.jpg 150w, https:\/\/ziyafetrestaurant.com\/en\/wp-content\/uploads\/2022\/11\/kinoa-salatasi-1-768x768.jpg 768w\" sizes=\"(max-width: 1024px) 100vw, 1024px\" \/>\t\t\t\t\t\t\t\t\t\t\t<figcaption class=\"widget-image-caption wp-caption-text\">K\u0130NOA SALATASI: 435\u20ba<\/figcaption>\n\t\t\t\t\t\t\t\t\t\t<\/figure>\n\t\t\t\t\t\t\t\t\t<\/div>\n\t\t\t\t<\/div>\n\t\t\t\t\t<\/div>\n\t\t<\/div>\n\t\t\t\t<div class=\"elementor-column elementor-col-33 elementor-top-column elementor-element elementor-element-b0780be\" data-id=\"b0780be\" data-element_type=\"column\">\n\t\t\t<div class=\"elementor-widget-wrap\">\n\t\t\t\t\t\t\t\t\t<\/div>\n\t\t<\/div>\n\t\t\t\t\t\t\t<\/div>\n\t\t<\/section>\n\t\t\t\t<section class=\"elementor-section elementor-top-section elementor-element elementor-element-8e85cd2 elementor-section-boxed elementor-section-height-default elementor-section-height-default\" data-id=\"8e85cd2\" data-element_type=\"section\">\n\t\t\t\t\t\t<div class=\"elementor-container elementor-column-gap-default\">\n\t\t\t\t\t<div class=\"elementor-column elementor-col-100 elementor-top-column elementor-element elementor-element-58dce52\" data-id=\"58dce52\" data-element_type=\"column\">\n\t\t\t<div class=\"elementor-widget-wrap elementor-element-populated\">\n\t\t\t\t\t\t\t\t<div class=\"elementor-element elementor-element-0902371 elementor-align-center elementor-widget elementor-widget-button\" data-id=\"0902371\" data-element_type=\"widget\" data-widget_type=\"button.default\">\n\t\t\t\t<div class=\"elementor-widget-container\">\n\t\t\t\t\t<div class=\"elementor-button-wrapper\">\n\t\t\t<a href=\"https:\/\/ziyafetrestaurant.com\/en\/menu\/\" class=\"elementor-button-link elementor-button elementor-size-sm\" role=\"button\">\n\t\t\t\t\t\t<span class=\"elementor-button-content-wrapper\">\n\t\t\t\t\t\t<span class=\"elementor-button-text\">MEN\u00dcYE GER\u0130 D\u00d6N<\/span>\n\t\t<\/span>\n\t\t\t\t\t<\/a>\n\t\t<\/div>\n\t\t\t\t<\/div>\n\t\t\t\t<\/div>\n\t\t\t\t\t<\/div>\n\t\t<\/div>\n\t\t\t\t\t\t\t<\/div>\n\t\t<\/section>\n\t\t\t\t\t\t\t<\/div>\n\t\t","protected":false},"excerpt":{"rendered":"<p>\u00c7OBAN SALATA: 280\u20ba &#8211; 380\u20ba MEVS\u0130M SALATASI: 270\u20ba &#8211; 380\u20ba [&hellip;]<\/p>\n","protected":false},"author":1,"featured_media":0,"parent":0,"menu_order":0,"comment_status":"closed","ping_status":"closed","template":"elementor_header_footer","meta":[],"_links":{"self":[{"href":"https:\/\/ziyafetrestaurant.com\/en\/wp-json\/wp\/v2\/pages\/298"}],"collection":[{"href":"https:\/\/ziyafetrestaurant.com\/en\/wp-json\/wp\/v2\/pages"}],"about":[{"href":"https:\/\/ziyafetrestaurant.com\/en\/wp-json\/wp\/v2\/types\/page"}],"author":[{"embeddable":true,"href":"https:\/\/ziyafetrestaurant.com\/en\/wp-json\/wp\/v2\/users\/1"}],"replies":[{"embeddable":true,"href":"https:\/\/ziyafetrestaurant.com\/en\/wp-json\/wp\/v2\/comments?post=298"}],"version-history":[{"count":133,"href":"https:\/\/ziyafetrestaurant.com\/en\/wp-json\/wp\/v2\/pages\/298\/revisions"}],"predecessor-version":[{"id":2309,"href":"https:\/\/ziyafetrestaurant.com\/en\/wp-json\/wp\/v2\/pages\/298\/revisions\/2309"}],"wp:attachment":[{"href":"https:\/\/ziyafetrestaurant.com\/en\/wp-json\/wp\/v2\/media?parent=298"}],"curies":[{"name":"wp","href":"https:\/\/api.w.org\/{rel}","templated":true}]}}