{"id":339,"date":"2022-10-31T13:37:33","date_gmt":"2022-10-31T13:37:33","guid":{"rendered":"https:\/\/ziyafetrestaurant.com\/en\/?page_id=339"},"modified":"2025-10-21T11:11:20","modified_gmt":"2025-10-21T11:11:20","slug":"pidelerlahmacunlar","status":"publish","type":"page","link":"https:\/\/ziyafetrestaurant.com\/en\/pidelerlahmacunlar\/","title":{"rendered":"P\u0130DELER&#038;LAHMACUNLAR"},"content":{"rendered":"\t\t<div data-elementor-type=\"wp-page\" data-elementor-id=\"339\" class=\"elementor elementor-339\">\n\t\t\t\t\t\t\t\t\t<section class=\"elementor-section elementor-top-section elementor-element elementor-element-e2a0c9b elementor-section-boxed elementor-section-height-default elementor-section-height-default\" data-id=\"e2a0c9b\" data-element_type=\"section\">\n\t\t\t\t\t\t<div class=\"elementor-container elementor-column-gap-default\">\n\t\t\t\t\t<div class=\"elementor-column elementor-col-33 elementor-top-column elementor-element elementor-element-2997a3d\" data-id=\"2997a3d\" data-element_type=\"column\">\n\t\t\t<div class=\"elementor-widget-wrap elementor-element-populated\">\n\t\t\t\t\t\t\t\t<div class=\"elementor-element elementor-element-0560186 elementor-widget elementor-widget-image\" data-id=\"0560186\" data-element_type=\"widget\" data-widget_type=\"image.default\">\n\t\t\t\t<div class=\"elementor-widget-container\">\n\t\t\t<style>\/*! elementor - v3.11.1 - 15-02-2023 *\/\n.elementor-widget-image{text-align:center}.elementor-widget-image a{display:inline-block}.elementor-widget-image a img[src$=\".svg\"]{width:48px}.elementor-widget-image img{vertical-align:middle;display:inline-block}<\/style>\t\t\t\t\t\t\t\t\t<figure class=\"wp-caption\">\n\t\t\t\t\t\t\t\t\t\t<img decoding=\"async\" width=\"1024\" height=\"1024\" src=\"https:\/\/ziyafetrestaurant.com\/en\/wp-content\/uploads\/2022\/11\/lahmacun-1.jpg\" class=\"attachment-large size-large wp-image-1094\" alt=\"\" loading=\"lazy\" srcset=\"https:\/\/ziyafetrestaurant.com\/en\/wp-content\/uploads\/2022\/11\/lahmacun-1.jpg 1024w, https:\/\/ziyafetrestaurant.com\/en\/wp-content\/uploads\/2022\/11\/lahmacun-1-300x300.jpg 300w, https:\/\/ziyafetrestaurant.com\/en\/wp-content\/uploads\/2022\/11\/lahmacun-1-150x150.jpg 150w, https:\/\/ziyafetrestaurant.com\/en\/wp-content\/uploads\/2022\/11\/lahmacun-1-768x768.jpg 768w\" sizes=\"(max-width: 1024px) 100vw, 1024px\" \/>\t\t\t\t\t\t\t\t\t\t\t<figcaption class=\"widget-image-caption wp-caption-text\">Turkish thin pizza with minced beef: 170\u20ba<\/figcaption>\n\t\t\t\t\t\t\t\t\t\t<\/figure>\n\t\t\t\t\t\t\t\t\t<\/div>\n\t\t\t\t<\/div>\n\t\t\t\t\t<\/div>\n\t\t<\/div>\n\t\t\t\t<div class=\"elementor-column elementor-col-33 elementor-top-column elementor-element elementor-element-e56c7dc\" data-id=\"e56c7dc\" data-element_type=\"column\">\n\t\t\t<div class=\"elementor-widget-wrap elementor-element-populated\">\n\t\t\t\t\t\t\t\t<div class=\"elementor-element elementor-element-87e933c elementor-widget elementor-widget-image\" data-id=\"87e933c\" data-element_type=\"widget\" data-widget_type=\"image.default\">\n\t\t\t\t<div class=\"elementor-widget-container\">\n\t\t\t\t\t\t\t\t\t\t\t\t<figure class=\"wp-caption\">\n\t\t\t\t\t\t\t\t\t\t<img decoding=\"async\" width=\"300\" height=\"200\" src=\"https:\/\/ziyafetrestaurant.com\/en\/wp-content\/uploads\/2022\/12\/ozel-antep-lahmacun-300x200.jpg\" class=\"attachment-medium size-medium wp-image-1349\" alt=\"\" loading=\"lazy\" srcset=\"https:\/\/ziyafetrestaurant.com\/en\/wp-content\/uploads\/2022\/12\/ozel-antep-lahmacun-300x200.jpg 300w, https:\/\/ziyafetrestaurant.com\/en\/wp-content\/uploads\/2022\/12\/ozel-antep-lahmacun-1024x683.jpg 1024w, https:\/\/ziyafetrestaurant.com\/en\/wp-content\/uploads\/2022\/12\/ozel-antep-lahmacun-768x512.jpg 768w, https:\/\/ziyafetrestaurant.com\/en\/wp-content\/uploads\/2022\/12\/ozel-antep-lahmacun-1536x1024.jpg 1536w, https:\/\/ziyafetrestaurant.com\/en\/wp-content\/uploads\/2022\/12\/ozel-antep-lahmacun.jpg 1600w\" sizes=\"(max-width: 300px) 100vw, 300px\" \/>\t\t\t\t\t\t\t\t\t\t\t<figcaption class=\"widget-image-caption wp-caption-text\">Lahmacun Included garlic and parsley: 185\u20ba<\/figcaption>\n\t\t\t\t\t\t\t\t\t\t<\/figure>\n\t\t\t\t\t\t\t\t\t<\/div>\n\t\t\t\t<\/div>\n\t\t\t\t\t<\/div>\n\t\t<\/div>\n\t\t\t\t<div class=\"elementor-column elementor-col-33 elementor-top-column elementor-element elementor-element-b2b18cc\" data-id=\"b2b18cc\" data-element_type=\"column\">\n\t\t\t<div class=\"elementor-widget-wrap elementor-element-populated\">\n\t\t\t\t\t\t\t\t<div class=\"elementor-element elementor-element-7b4f8ad elementor-widget elementor-widget-image\" data-id=\"7b4f8ad\" data-element_type=\"widget\" data-widget_type=\"image.default\">\n\t\t\t\t<div class=\"elementor-widget-container\">\n\t\t\t\t\t\t\t\t\t\t\t\t<figure class=\"wp-caption\">\n\t\t\t\t\t\t\t\t\t\t<img decoding=\"async\" width=\"1024\" height=\"1024\" src=\"https:\/\/ziyafetrestaurant.com\/en\/wp-content\/uploads\/2022\/11\/kasarli-pide_wm-1024x0-2.jpg\" class=\"attachment-large size-large wp-image-997\" alt=\"\" loading=\"lazy\" srcset=\"https:\/\/ziyafetrestaurant.com\/en\/wp-content\/uploads\/2022\/11\/kasarli-pide_wm-1024x0-2.jpg 1024w, https:\/\/ziyafetrestaurant.com\/en\/wp-content\/uploads\/2022\/11\/kasarli-pide_wm-1024x0-2-300x300.jpg 300w, https:\/\/ziyafetrestaurant.com\/en\/wp-content\/uploads\/2022\/11\/kasarli-pide_wm-1024x0-2-150x150.jpg 150w, https:\/\/ziyafetrestaurant.com\/en\/wp-content\/uploads\/2022\/11\/kasarli-pide_wm-1024x0-2-768x768.jpg 768w\" sizes=\"(max-width: 1024px) 100vw, 1024px\" \/>\t\t\t\t\t\t\t\t\t\t\t<figcaption class=\"widget-image-caption wp-caption-text\">Pita  with Turkish cheddar cheese : 340\u20ba<\/figcaption>\n\t\t\t\t\t\t\t\t\t\t<\/figure>\n\t\t\t\t\t\t\t\t\t<\/div>\n\t\t\t\t<\/div>\n\t\t\t\t\t<\/div>\n\t\t<\/div>\n\t\t\t\t\t\t\t<\/div>\n\t\t<\/section>\n\t\t\t\t<section class=\"elementor-section elementor-top-section elementor-element elementor-element-066fa65 elementor-section-boxed elementor-section-height-default elementor-section-height-default\" data-id=\"066fa65\" data-element_type=\"section\">\n\t\t\t\t\t\t<div class=\"elementor-container elementor-column-gap-default\">\n\t\t\t\t\t<div class=\"elementor-column elementor-col-33 elementor-top-column elementor-element elementor-element-c3689b7\" data-id=\"c3689b7\" data-element_type=\"column\">\n\t\t\t<div class=\"elementor-widget-wrap elementor-element-populated\">\n\t\t\t\t\t\t\t\t<div class=\"elementor-element elementor-element-01fd564 elementor-widget elementor-widget-image\" data-id=\"01fd564\" data-element_type=\"widget\" data-widget_type=\"image.default\">\n\t\t\t\t<div class=\"elementor-widget-container\">\n\t\t\t\t\t\t\t\t\t\t\t\t<figure class=\"wp-caption\">\n\t\t\t\t\t\t\t\t\t\t<img decoding=\"async\" width=\"1024\" height=\"1024\" src=\"https:\/\/ziyafetrestaurant.com\/en\/wp-content\/uploads\/2022\/11\/Kiymali-Pide-1.jpg\" class=\"attachment-large size-large wp-image-998\" alt=\"\" loading=\"lazy\" srcset=\"https:\/\/ziyafetrestaurant.com\/en\/wp-content\/uploads\/2022\/11\/Kiymali-Pide-1.jpg 1024w, https:\/\/ziyafetrestaurant.com\/en\/wp-content\/uploads\/2022\/11\/Kiymali-Pide-1-300x300.jpg 300w, https:\/\/ziyafetrestaurant.com\/en\/wp-content\/uploads\/2022\/11\/Kiymali-Pide-1-150x150.jpg 150w, https:\/\/ziyafetrestaurant.com\/en\/wp-content\/uploads\/2022\/11\/Kiymali-Pide-1-768x768.jpg 768w\" sizes=\"(max-width: 1024px) 100vw, 1024px\" \/>\t\t\t\t\t\t\t\t\t\t\t<figcaption class=\"widget-image-caption wp-caption-text\">Pita with Minced Beef : 375\u20ba<\/figcaption>\n\t\t\t\t\t\t\t\t\t\t<\/figure>\n\t\t\t\t\t\t\t\t\t<\/div>\n\t\t\t\t<\/div>\n\t\t\t\t\t<\/div>\n\t\t<\/div>\n\t\t\t\t<div class=\"elementor-column elementor-col-33 elementor-top-column elementor-element elementor-element-16dae6a\" data-id=\"16dae6a\" data-element_type=\"column\">\n\t\t\t<div class=\"elementor-widget-wrap elementor-element-populated\">\n\t\t\t\t\t\t\t\t<div class=\"elementor-element elementor-element-f87d95d elementor-widget elementor-widget-image\" data-id=\"f87d95d\" data-element_type=\"widget\" data-widget_type=\"image.default\">\n\t\t\t\t<div class=\"elementor-widget-container\">\n\t\t\t\t\t\t\t\t\t\t\t\t<figure class=\"wp-caption\">\n\t\t\t\t\t\t\t\t\t\t<img decoding=\"async\" width=\"1024\" height=\"1024\" src=\"https:\/\/ziyafetrestaurant.com\/en\/wp-content\/uploads\/2022\/11\/sucuklu-kasarli-pide-1.jpg\" class=\"attachment-large size-large wp-image-999\" alt=\"\" loading=\"lazy\" srcset=\"https:\/\/ziyafetrestaurant.com\/en\/wp-content\/uploads\/2022\/11\/sucuklu-kasarli-pide-1.jpg 1024w, https:\/\/ziyafetrestaurant.com\/en\/wp-content\/uploads\/2022\/11\/sucuklu-kasarli-pide-1-300x300.jpg 300w, https:\/\/ziyafetrestaurant.com\/en\/wp-content\/uploads\/2022\/11\/sucuklu-kasarli-pide-1-150x150.jpg 150w, https:\/\/ziyafetrestaurant.com\/en\/wp-content\/uploads\/2022\/11\/sucuklu-kasarli-pide-1-768x768.jpg 768w\" sizes=\"(max-width: 1024px) 100vw, 1024px\" \/>\t\t\t\t\t\t\t\t\t\t\t<figcaption class=\"widget-image-caption wp-caption-text\">\u2022\tPita with Turkish Cheddar cheese and Turkish peperoni: 400\u20ba<\/figcaption>\n\t\t\t\t\t\t\t\t\t\t<\/figure>\n\t\t\t\t\t\t\t\t\t<\/div>\n\t\t\t\t<\/div>\n\t\t\t\t\t<\/div>\n\t\t<\/div>\n\t\t\t\t<div class=\"elementor-column elementor-col-33 elementor-top-column elementor-element elementor-element-27e85e4\" data-id=\"27e85e4\" data-element_type=\"column\">\n\t\t\t<div class=\"elementor-widget-wrap elementor-element-populated\">\n\t\t\t\t\t\t\t\t<div class=\"elementor-element elementor-element-156694f elementor-widget elementor-widget-image\" data-id=\"156694f\" data-element_type=\"widget\" data-widget_type=\"image.default\">\n\t\t\t\t<div class=\"elementor-widget-container\">\n\t\t\t\t\t\t\t\t\t\t\t\t<figure class=\"wp-caption\">\n\t\t\t\t\t\t\t\t\t\t<img decoding=\"async\" width=\"1024\" height=\"1024\" src=\"https:\/\/ziyafetrestaurant.com\/en\/wp-content\/uploads\/2022\/11\/karisik-pide_wm-1024x0-2.jpg\" class=\"attachment-large size-large wp-image-1000\" alt=\"\" loading=\"lazy\" srcset=\"https:\/\/ziyafetrestaurant.com\/en\/wp-content\/uploads\/2022\/11\/karisik-pide_wm-1024x0-2.jpg 1024w, https:\/\/ziyafetrestaurant.com\/en\/wp-content\/uploads\/2022\/11\/karisik-pide_wm-1024x0-2-300x300.jpg 300w, https:\/\/ziyafetrestaurant.com\/en\/wp-content\/uploads\/2022\/11\/karisik-pide_wm-1024x0-2-150x150.jpg 150w, https:\/\/ziyafetrestaurant.com\/en\/wp-content\/uploads\/2022\/11\/karisik-pide_wm-1024x0-2-768x768.jpg 768w\" sizes=\"(max-width: 1024px) 100vw, 1024px\" \/>\t\t\t\t\t\t\t\t\t\t\t<figcaption class=\"widget-image-caption wp-caption-text\">Pita mix : 400\u20ba<\/figcaption>\n\t\t\t\t\t\t\t\t\t\t<\/figure>\n\t\t\t\t\t\t\t\t\t<\/div>\n\t\t\t\t<\/div>\n\t\t\t\t\t<\/div>\n\t\t<\/div>\n\t\t\t\t\t\t\t<\/div>\n\t\t<\/section>\n\t\t\t\t<section class=\"elementor-section elementor-top-section elementor-element elementor-element-360a3e1 elementor-section-boxed elementor-section-height-default elementor-section-height-default\" data-id=\"360a3e1\" data-element_type=\"section\">\n\t\t\t\t\t\t<div class=\"elementor-container elementor-column-gap-default\">\n\t\t\t\t\t<div class=\"elementor-column elementor-col-33 elementor-top-column elementor-element elementor-element-d90775f\" data-id=\"d90775f\" data-element_type=\"column\">\n\t\t\t<div class=\"elementor-widget-wrap elementor-element-populated\">\n\t\t\t\t\t\t\t\t<div class=\"elementor-element elementor-element-e2e5854 elementor-widget elementor-widget-image\" data-id=\"e2e5854\" data-element_type=\"widget\" data-widget_type=\"image.default\">\n\t\t\t\t<div class=\"elementor-widget-container\">\n\t\t\t\t\t\t\t\t\t\t\t\t<figure class=\"wp-caption\">\n\t\t\t\t\t\t\t\t\t\t<img decoding=\"async\" width=\"300\" height=\"200\" src=\"https:\/\/ziyafetrestaurant.com\/en\/wp-content\/uploads\/2022\/12\/sade-kusbasili-pide-300x200.jpg\" class=\"attachment-medium size-medium wp-image-1348\" alt=\"\" loading=\"lazy\" srcset=\"https:\/\/ziyafetrestaurant.com\/en\/wp-content\/uploads\/2022\/12\/sade-kusbasili-pide-300x200.jpg 300w, https:\/\/ziyafetrestaurant.com\/en\/wp-content\/uploads\/2022\/12\/sade-kusbasili-pide.jpg 640w\" sizes=\"(max-width: 300px) 100vw, 300px\" \/>\t\t\t\t\t\t\t\t\t\t\t<figcaption class=\"widget-image-caption wp-caption-text\">Pita with Diced Meat: 410<\/figcaption>\n\t\t\t\t\t\t\t\t\t\t<\/figure>\n\t\t\t\t\t\t\t\t\t<\/div>\n\t\t\t\t<\/div>\n\t\t\t\t\t<\/div>\n\t\t<\/div>\n\t\t\t\t<div class=\"elementor-column elementor-col-33 elementor-top-column elementor-element elementor-element-e9ff588\" data-id=\"e9ff588\" data-element_type=\"column\">\n\t\t\t<div class=\"elementor-widget-wrap elementor-element-populated\">\n\t\t\t\t\t\t\t\t<div class=\"elementor-element elementor-element-86e7ce5 elementor-widget elementor-widget-image\" data-id=\"86e7ce5\" data-element_type=\"widget\" data-widget_type=\"image.default\">\n\t\t\t\t<div class=\"elementor-widget-container\">\n\t\t\t\t\t\t\t\t\t\t\t\t<figure class=\"wp-caption\">\n\t\t\t\t\t\t\t\t\t\t<img decoding=\"async\" width=\"1024\" height=\"1024\" src=\"https:\/\/ziyafetrestaurant.com\/en\/wp-content\/uploads\/2022\/11\/kavurmali-pide-1.jpg\" class=\"attachment-large size-large wp-image-1095\" alt=\"\" loading=\"lazy\" srcset=\"https:\/\/ziyafetrestaurant.com\/en\/wp-content\/uploads\/2022\/11\/kavurmali-pide-1.jpg 1024w, https:\/\/ziyafetrestaurant.com\/en\/wp-content\/uploads\/2022\/11\/kavurmali-pide-1-300x300.jpg 300w, https:\/\/ziyafetrestaurant.com\/en\/wp-content\/uploads\/2022\/11\/kavurmali-pide-1-150x150.jpg 150w, https:\/\/ziyafetrestaurant.com\/en\/wp-content\/uploads\/2022\/11\/kavurmali-pide-1-768x768.jpg 768w\" sizes=\"(max-width: 1024px) 100vw, 1024px\" \/>\t\t\t\t\t\t\t\t\t\t\t<figcaption class=\"widget-image-caption wp-caption-text\">Pita with Braised Meat: 460\u20ba<\/figcaption>\n\t\t\t\t\t\t\t\t\t\t<\/figure>\n\t\t\t\t\t\t\t\t\t<\/div>\n\t\t\t\t<\/div>\n\t\t\t\t\t<\/div>\n\t\t<\/div>\n\t\t\t\t<div class=\"elementor-column elementor-col-33 elementor-top-column elementor-element elementor-element-7d7d5db\" data-id=\"7d7d5db\" data-element_type=\"column\">\n\t\t\t<div class=\"elementor-widget-wrap elementor-element-populated\">\n\t\t\t\t\t\t\t\t<div class=\"elementor-element elementor-element-490bf35 elementor-widget elementor-widget-image\" data-id=\"490bf35\" data-element_type=\"widget\" data-widget_type=\"image.default\">\n\t\t\t\t<div class=\"elementor-widget-container\">\n\t\t\t\t\t\t\t\t\t\t\t\t<figure class=\"wp-caption\">\n\t\t\t\t\t\t\t\t\t\t<img decoding=\"async\" width=\"1024\" height=\"1024\" src=\"https:\/\/ziyafetrestaurant.com\/en\/wp-content\/uploads\/2022\/11\/sebzeli-pide-1.jpg\" class=\"attachment-large size-large wp-image-1001\" alt=\"\" loading=\"lazy\" srcset=\"https:\/\/ziyafetrestaurant.com\/en\/wp-content\/uploads\/2022\/11\/sebzeli-pide-1.jpg 1024w, https:\/\/ziyafetrestaurant.com\/en\/wp-content\/uploads\/2022\/11\/sebzeli-pide-1-300x300.jpg 300w, https:\/\/ziyafetrestaurant.com\/en\/wp-content\/uploads\/2022\/11\/sebzeli-pide-1-150x150.jpg 150w, https:\/\/ziyafetrestaurant.com\/en\/wp-content\/uploads\/2022\/11\/sebzeli-pide-1-768x768.jpg 768w\" sizes=\"(max-width: 1024px) 100vw, 1024px\" \/>\t\t\t\t\t\t\t\t\t\t\t<figcaption class=\"widget-image-caption wp-caption-text\">Pita with Vegatable: 315\u20ba<\/figcaption>\n\t\t\t\t\t\t\t\t\t\t<\/figure>\n\t\t\t\t\t\t\t\t\t<\/div>\n\t\t\t\t<\/div>\n\t\t\t\t\t<\/div>\n\t\t<\/div>\n\t\t\t\t\t\t\t<\/div>\n\t\t<\/section>\n\t\t\t\t<section class=\"elementor-section elementor-top-section elementor-element elementor-element-dee26d7 elementor-section-boxed elementor-section-height-default elementor-section-height-default\" data-id=\"dee26d7\" data-element_type=\"section\">\n\t\t\t\t\t\t<div class=\"elementor-container elementor-column-gap-default\">\n\t\t\t\t\t<div class=\"elementor-column elementor-col-100 elementor-top-column elementor-element elementor-element-b0a1ea2\" data-id=\"b0a1ea2\" data-element_type=\"column\">\n\t\t\t<div class=\"elementor-widget-wrap elementor-element-populated\">\n\t\t\t\t\t\t\t\t<div class=\"elementor-element elementor-element-620bb2a elementor-align-center elementor-widget elementor-widget-button\" data-id=\"620bb2a\" data-element_type=\"widget\" data-widget_type=\"button.default\">\n\t\t\t\t<div class=\"elementor-widget-container\">\n\t\t\t\t\t<div class=\"elementor-button-wrapper\">\n\t\t\t<a href=\"https:\/\/ziyafetrestaurant.com\/en\/menu\/\" class=\"elementor-button-link elementor-button elementor-size-sm\" role=\"button\">\n\t\t\t\t\t\t<span class=\"elementor-button-content-wrapper\">\n\t\t\t\t\t\t<span class=\"elementor-button-text\">MEN\u00dcYE GER\u0130 D\u00d6N<\/span>\n\t\t<\/span>\n\t\t\t\t\t<\/a>\n\t\t<\/div>\n\t\t\t\t<\/div>\n\t\t\t\t<\/div>\n\t\t\t\t\t<\/div>\n\t\t<\/div>\n\t\t\t\t\t\t\t<\/div>\n\t\t<\/section>\n\t\t\t\t\t\t\t<\/div>\n\t\t","protected":false},"excerpt":{"rendered":"<p>Turkish thin pizza with minced beef: 170\u20ba Lahmacun Included garlic [&hellip;]<\/p>\n","protected":false},"author":1,"featured_media":0,"parent":0,"menu_order":0,"comment_status":"closed","ping_status":"closed","template":"elementor_header_footer","meta":[],"_links":{"self":[{"href":"https:\/\/ziyafetrestaurant.com\/en\/wp-json\/wp\/v2\/pages\/339"}],"collection":[{"href":"https:\/\/ziyafetrestaurant.com\/en\/wp-json\/wp\/v2\/pages"}],"about":[{"href":"https:\/\/ziyafetrestaurant.com\/en\/wp-json\/wp\/v2\/types\/page"}],"author":[{"embeddable":true,"href":"https:\/\/ziyafetrestaurant.com\/en\/wp-json\/wp\/v2\/users\/1"}],"replies":[{"embeddable":true,"href":"https:\/\/ziyafetrestaurant.com\/en\/wp-json\/wp\/v2\/comments?post=339"}],"version-history":[{"count":94,"href":"https:\/\/ziyafetrestaurant.com\/en\/wp-json\/wp\/v2\/pages\/339\/revisions"}],"predecessor-version":[{"id":2305,"href":"https:\/\/ziyafetrestaurant.com\/en\/wp-json\/wp\/v2\/pages\/339\/revisions\/2305"}],"wp:attachment":[{"href":"https:\/\/ziyafetrestaurant.com\/en\/wp-json\/wp\/v2\/media?parent=339"}],"curies":[{"name":"wp","href":"https:\/\/api.w.org\/{rel}","templated":true}]}}