{"id":416,"date":"2022-11-01T12:16:44","date_gmt":"2022-11-01T12:16:44","guid":{"rendered":"https:\/\/ziyafetrestaurant.com\/en\/?page_id=416"},"modified":"2025-10-21T10:56:01","modified_gmt":"2025-10-21T10:56:01","slug":"izgaralar","status":"publish","type":"page","link":"https:\/\/ziyafetrestaurant.com\/en\/izgaralar\/","title":{"rendered":"IZGARALAR"},"content":{"rendered":"\t\t<div data-elementor-type=\"wp-page\" data-elementor-id=\"416\" class=\"elementor elementor-416\">\n\t\t\t\t\t\t\t\t\t<section class=\"elementor-section elementor-top-section elementor-element elementor-element-758980f elementor-section-boxed elementor-section-height-default elementor-section-height-default\" data-id=\"758980f\" data-element_type=\"section\">\n\t\t\t\t\t\t<div class=\"elementor-container elementor-column-gap-default\">\n\t\t\t\t\t<div class=\"elementor-column elementor-col-25 elementor-top-column elementor-element elementor-element-23b2415\" data-id=\"23b2415\" data-element_type=\"column\">\n\t\t\t<div class=\"elementor-widget-wrap elementor-element-populated\">\n\t\t\t\t\t\t\t\t<div class=\"elementor-element elementor-element-cdeccda elementor-widget elementor-widget-image\" data-id=\"cdeccda\" data-element_type=\"widget\" data-widget_type=\"image.default\">\n\t\t\t\t<div class=\"elementor-widget-container\">\n\t\t\t<style>\/*! elementor - v3.11.1 - 15-02-2023 *\/\n.elementor-widget-image{text-align:center}.elementor-widget-image a{display:inline-block}.elementor-widget-image a img[src$=\".svg\"]{width:48px}.elementor-widget-image img{vertical-align:middle;display:inline-block}<\/style>\t\t\t\t\t\t\t\t\t<figure class=\"wp-caption\">\n\t\t\t\t\t\t\t\t\t\t<img decoding=\"async\" width=\"1024\" height=\"1024\" src=\"https:\/\/ziyafetrestaurant.com\/en\/wp-content\/uploads\/2022\/11\/Kuzu-Pirzola-1.jpg\" class=\"attachment-large size-large wp-image-1117\" alt=\"\" loading=\"lazy\" srcset=\"https:\/\/ziyafetrestaurant.com\/en\/wp-content\/uploads\/2022\/11\/Kuzu-Pirzola-1.jpg 1024w, https:\/\/ziyafetrestaurant.com\/en\/wp-content\/uploads\/2022\/11\/Kuzu-Pirzola-1-300x300.jpg 300w, https:\/\/ziyafetrestaurant.com\/en\/wp-content\/uploads\/2022\/11\/Kuzu-Pirzola-1-150x150.jpg 150w, https:\/\/ziyafetrestaurant.com\/en\/wp-content\/uploads\/2022\/11\/Kuzu-Pirzola-1-768x768.jpg 768w\" sizes=\"(max-width: 1024px) 100vw, 1024px\" \/>\t\t\t\t\t\t\t\t\t\t\t<figcaption class=\"widget-image-caption wp-caption-text\">Grilled Lamb Chops: 1050\u20ba<\/figcaption>\n\t\t\t\t\t\t\t\t\t\t<\/figure>\n\t\t\t\t\t\t\t\t\t<\/div>\n\t\t\t\t<\/div>\n\t\t\t\t\t<\/div>\n\t\t<\/div>\n\t\t\t\t<div class=\"elementor-column elementor-col-25 elementor-top-column elementor-element elementor-element-a358acf\" data-id=\"a358acf\" data-element_type=\"column\">\n\t\t\t<div class=\"elementor-widget-wrap\">\n\t\t\t\t\t\t\t\t\t<\/div>\n\t\t<\/div>\n\t\t\t\t<div class=\"elementor-column elementor-col-25 elementor-top-column elementor-element elementor-element-1045cb6\" data-id=\"1045cb6\" data-element_type=\"column\">\n\t\t\t<div class=\"elementor-widget-wrap elementor-element-populated\">\n\t\t\t\t\t\t\t\t<div class=\"elementor-element elementor-element-c8dbd73 elementor-widget elementor-widget-image\" data-id=\"c8dbd73\" data-element_type=\"widget\" data-widget_type=\"image.default\">\n\t\t\t\t<div class=\"elementor-widget-container\">\n\t\t\t\t\t\t\t\t\t\t\t\t<figure class=\"wp-caption\">\n\t\t\t\t\t\t\t\t\t\t<img decoding=\"async\" width=\"1024\" height=\"1024\" src=\"https:\/\/ziyafetrestaurant.com\/en\/wp-content\/uploads\/2022\/11\/Pilic-bonfile-1.jpg\" class=\"attachment-large size-large wp-image-1119\" alt=\"\" loading=\"lazy\" srcset=\"https:\/\/ziyafetrestaurant.com\/en\/wp-content\/uploads\/2022\/11\/Pilic-bonfile-1.jpg 1024w, https:\/\/ziyafetrestaurant.com\/en\/wp-content\/uploads\/2022\/11\/Pilic-bonfile-1-300x300.jpg 300w, https:\/\/ziyafetrestaurant.com\/en\/wp-content\/uploads\/2022\/11\/Pilic-bonfile-1-150x150.jpg 150w, https:\/\/ziyafetrestaurant.com\/en\/wp-content\/uploads\/2022\/11\/Pilic-bonfile-1-768x768.jpg 768w\" sizes=\"(max-width: 1024px) 100vw, 1024px\" \/>\t\t\t\t\t\t\t\t\t\t\t<figcaption class=\"widget-image-caption wp-caption-text\">Grilled Chicken Breast: 510\u20ba<\/figcaption>\n\t\t\t\t\t\t\t\t\t\t<\/figure>\n\t\t\t\t\t\t\t\t\t<\/div>\n\t\t\t\t<\/div>\n\t\t\t\t\t<\/div>\n\t\t<\/div>\n\t\t\t\t<div class=\"elementor-column elementor-col-25 elementor-top-column elementor-element elementor-element-f73f06d\" data-id=\"f73f06d\" data-element_type=\"column\">\n\t\t\t<div class=\"elementor-widget-wrap elementor-element-populated\">\n\t\t\t\t\t\t\t\t<div class=\"elementor-element elementor-element-c38f433 elementor-widget elementor-widget-image\" data-id=\"c38f433\" data-element_type=\"widget\" data-widget_type=\"image.default\">\n\t\t\t\t<div class=\"elementor-widget-container\">\n\t\t\t\t\t\t\t\t\t\t\t\t<figure class=\"wp-caption\">\n\t\t\t\t\t\t\t\t\t\t<img decoding=\"async\" width=\"1024\" height=\"1024\" src=\"https:\/\/ziyafetrestaurant.com\/en\/wp-content\/uploads\/2022\/11\/pilic-pirzola.jpeg\" class=\"attachment-large size-large wp-image-1120\" alt=\"\" loading=\"lazy\" srcset=\"https:\/\/ziyafetrestaurant.com\/en\/wp-content\/uploads\/2022\/11\/pilic-pirzola.jpeg 1024w, https:\/\/ziyafetrestaurant.com\/en\/wp-content\/uploads\/2022\/11\/pilic-pirzola-300x300.jpeg 300w, https:\/\/ziyafetrestaurant.com\/en\/wp-content\/uploads\/2022\/11\/pilic-pirzola-150x150.jpeg 150w, https:\/\/ziyafetrestaurant.com\/en\/wp-content\/uploads\/2022\/11\/pilic-pirzola-768x768.jpeg 768w\" sizes=\"(max-width: 1024px) 100vw, 1024px\" \/>\t\t\t\t\t\t\t\t\t\t\t<figcaption class=\"widget-image-caption wp-caption-text\">Grilled Chicken Chops:515\u20ba<\/figcaption>\n\t\t\t\t\t\t\t\t\t\t<\/figure>\n\t\t\t\t\t\t\t\t\t<\/div>\n\t\t\t\t<\/div>\n\t\t\t\t\t<\/div>\n\t\t<\/div>\n\t\t\t\t\t\t\t<\/div>\n\t\t<\/section>\n\t\t\t\t<section class=\"elementor-section elementor-top-section elementor-element elementor-element-cbc380a elementor-section-boxed elementor-section-height-default elementor-section-height-default\" data-id=\"cbc380a\" data-element_type=\"section\">\n\t\t\t\t\t\t<div class=\"elementor-container elementor-column-gap-default\">\n\t\t\t\t\t<div class=\"elementor-column elementor-col-33 elementor-top-column elementor-element elementor-element-ea6f009\" data-id=\"ea6f009\" data-element_type=\"column\">\n\t\t\t<div class=\"elementor-widget-wrap elementor-element-populated\">\n\t\t\t\t\t\t\t\t<div class=\"elementor-element elementor-element-0d4b632 elementor-widget elementor-widget-image\" data-id=\"0d4b632\" data-element_type=\"widget\" data-widget_type=\"image.default\">\n\t\t\t\t<div class=\"elementor-widget-container\">\n\t\t\t\t\t\t\t\t\t\t\t\t<figure class=\"wp-caption\">\n\t\t\t\t\t\t\t\t\t\t<img decoding=\"async\" width=\"1024\" height=\"1024\" src=\"https:\/\/ziyafetrestaurant.com\/en\/wp-content\/uploads\/2022\/11\/Izgara-Kofte-1.jpg\" class=\"attachment-large size-large wp-image-1122\" alt=\"\" loading=\"lazy\" srcset=\"https:\/\/ziyafetrestaurant.com\/en\/wp-content\/uploads\/2022\/11\/Izgara-Kofte-1.jpg 1024w, https:\/\/ziyafetrestaurant.com\/en\/wp-content\/uploads\/2022\/11\/Izgara-Kofte-1-300x300.jpg 300w, https:\/\/ziyafetrestaurant.com\/en\/wp-content\/uploads\/2022\/11\/Izgara-Kofte-1-150x150.jpg 150w, https:\/\/ziyafetrestaurant.com\/en\/wp-content\/uploads\/2022\/11\/Izgara-Kofte-1-768x768.jpg 768w\" sizes=\"(max-width: 1024px) 100vw, 1024px\" \/>\t\t\t\t\t\t\t\t\t\t\t<figcaption class=\"widget-image-caption wp-caption-text\">Grilled Meatballs: 520\u20ba<\/figcaption>\n\t\t\t\t\t\t\t\t\t\t<\/figure>\n\t\t\t\t\t\t\t\t\t<\/div>\n\t\t\t\t<\/div>\n\t\t\t\t\t<\/div>\n\t\t<\/div>\n\t\t\t\t<div class=\"elementor-column elementor-col-33 elementor-top-column elementor-element elementor-element-ff801d2\" data-id=\"ff801d2\" data-element_type=\"column\">\n\t\t\t<div class=\"elementor-widget-wrap elementor-element-populated\">\n\t\t\t\t\t\t\t\t<div class=\"elementor-element elementor-element-89f4103 elementor-widget elementor-widget-image\" data-id=\"89f4103\" data-element_type=\"widget\" data-widget_type=\"image.default\">\n\t\t\t\t<div class=\"elementor-widget-container\">\n\t\t\t\t\t\t\t\t\t\t\t\t<figure class=\"wp-caption\">\n\t\t\t\t\t\t\t\t\t\t<img decoding=\"async\" width=\"1024\" height=\"1024\" src=\"https:\/\/ziyafetrestaurant.com\/en\/wp-content\/uploads\/2022\/11\/lokum.jpeg\" class=\"attachment-large size-large wp-image-1121\" alt=\"\" loading=\"lazy\" srcset=\"https:\/\/ziyafetrestaurant.com\/en\/wp-content\/uploads\/2022\/11\/lokum.jpeg 1024w, https:\/\/ziyafetrestaurant.com\/en\/wp-content\/uploads\/2022\/11\/lokum-300x300.jpeg 300w, https:\/\/ziyafetrestaurant.com\/en\/wp-content\/uploads\/2022\/11\/lokum-150x150.jpeg 150w, https:\/\/ziyafetrestaurant.com\/en\/wp-content\/uploads\/2022\/11\/lokum-768x768.jpeg 768w\" sizes=\"(max-width: 1024px) 100vw, 1024px\" \/>\t\t\t\t\t\t\t\t\t\t\t<figcaption class=\"widget-image-caption wp-caption-text\">Grilled Veal Tenderloin: 1100\u20ba<\/figcaption>\n\t\t\t\t\t\t\t\t\t\t<\/figure>\n\t\t\t\t\t\t\t\t\t<\/div>\n\t\t\t\t<\/div>\n\t\t\t\t\t<\/div>\n\t\t<\/div>\n\t\t\t\t<div class=\"elementor-column elementor-col-33 elementor-top-column elementor-element elementor-element-6fbdf58\" data-id=\"6fbdf58\" data-element_type=\"column\">\n\t\t\t<div class=\"elementor-widget-wrap elementor-element-populated\">\n\t\t\t\t\t\t\t\t<div class=\"elementor-element elementor-element-ee07d2a elementor-widget elementor-widget-image\" data-id=\"ee07d2a\" data-element_type=\"widget\" data-widget_type=\"image.default\">\n\t\t\t\t<div class=\"elementor-widget-container\">\n\t\t\t\t\t\t\t\t\t\t\t\t<figure class=\"wp-caption\">\n\t\t\t\t\t\t\t\t\t\t<img decoding=\"async\" width=\"1024\" height=\"1024\" src=\"https:\/\/ziyafetrestaurant.com\/en\/wp-content\/uploads\/2022\/11\/karisik-izgara-steak-1.jpg\" class=\"attachment-large size-large wp-image-1123\" alt=\"\" loading=\"lazy\" srcset=\"https:\/\/ziyafetrestaurant.com\/en\/wp-content\/uploads\/2022\/11\/karisik-izgara-steak-1.jpg 1024w, https:\/\/ziyafetrestaurant.com\/en\/wp-content\/uploads\/2022\/11\/karisik-izgara-steak-1-300x300.jpg 300w, https:\/\/ziyafetrestaurant.com\/en\/wp-content\/uploads\/2022\/11\/karisik-izgara-steak-1-150x150.jpg 150w, https:\/\/ziyafetrestaurant.com\/en\/wp-content\/uploads\/2022\/11\/karisik-izgara-steak-1-768x768.jpg 768w\" sizes=\"(max-width: 1024px) 100vw, 1024px\" \/>\t\t\t\t\t\t\t\t\t\t\t<figcaption class=\"widget-image-caption wp-caption-text\">Mixed Grill : 1175\u20ba<\/figcaption>\n\t\t\t\t\t\t\t\t\t\t<\/figure>\n\t\t\t\t\t\t\t\t\t<\/div>\n\t\t\t\t<\/div>\n\t\t\t\t\t<\/div>\n\t\t<\/div>\n\t\t\t\t\t\t\t<\/div>\n\t\t<\/section>\n\t\t\t\t<section class=\"elementor-section elementor-top-section elementor-element elementor-element-9465d50 elementor-section-boxed elementor-section-height-default elementor-section-height-default\" data-id=\"9465d50\" data-element_type=\"section\">\n\t\t\t\t\t\t<div class=\"elementor-container elementor-column-gap-default\">\n\t\t\t\t\t<div class=\"elementor-column elementor-col-33 elementor-top-column elementor-element elementor-element-8ef78ec\" data-id=\"8ef78ec\" data-element_type=\"column\">\n\t\t\t<div class=\"elementor-widget-wrap elementor-element-populated\">\n\t\t\t\t\t\t\t\t<div class=\"elementor-element elementor-element-b839551 elementor-widget elementor-widget-image\" data-id=\"b839551\" data-element_type=\"widget\" data-widget_type=\"image.default\">\n\t\t\t\t<div class=\"elementor-widget-container\">\n\t\t\t\t\t\t\t\t\t\t\t\t<figure class=\"wp-caption\">\n\t\t\t\t\t\t\t\t\t\t<img decoding=\"async\" width=\"1024\" height=\"1024\" src=\"https:\/\/ziyafetrestaurant.com\/en\/wp-content\/uploads\/2022\/11\/Antrikot-1.jpg\" class=\"attachment-large size-large wp-image-1125\" alt=\"\" loading=\"lazy\" srcset=\"https:\/\/ziyafetrestaurant.com\/en\/wp-content\/uploads\/2022\/11\/Antrikot-1.jpg 1024w, https:\/\/ziyafetrestaurant.com\/en\/wp-content\/uploads\/2022\/11\/Antrikot-1-300x300.jpg 300w, https:\/\/ziyafetrestaurant.com\/en\/wp-content\/uploads\/2022\/11\/Antrikot-1-150x150.jpg 150w, https:\/\/ziyafetrestaurant.com\/en\/wp-content\/uploads\/2022\/11\/Antrikot-1-768x768.jpg 768w\" sizes=\"(max-width: 1024px) 100vw, 1024px\" \/>\t\t\t\t\t\t\t\t\t\t\t<figcaption class=\"widget-image-caption wp-caption-text\">Grilled Entrecote: 975\u20ba<\/figcaption>\n\t\t\t\t\t\t\t\t\t\t<\/figure>\n\t\t\t\t\t\t\t\t\t<\/div>\n\t\t\t\t<\/div>\n\t\t\t\t\t<\/div>\n\t\t<\/div>\n\t\t\t\t<div class=\"elementor-column elementor-col-33 elementor-top-column elementor-element elementor-element-71b0362\" data-id=\"71b0362\" data-element_type=\"column\">\n\t\t\t<div class=\"elementor-widget-wrap\">\n\t\t\t\t\t\t\t\t\t<\/div>\n\t\t<\/div>\n\t\t\t\t<div class=\"elementor-column elementor-col-33 elementor-top-column elementor-element elementor-element-da7cba2\" data-id=\"da7cba2\" data-element_type=\"column\">\n\t\t\t<div class=\"elementor-widget-wrap elementor-element-populated\">\n\t\t\t\t\t\t\t\t<div class=\"elementor-element elementor-element-192610d elementor-widget elementor-widget-image\" data-id=\"192610d\" data-element_type=\"widget\" data-widget_type=\"image.default\">\n\t\t\t\t<div class=\"elementor-widget-container\">\n\t\t\t\t\t\t\t\t\t\t\t\t<figure class=\"wp-caption\">\n\t\t\t\t\t\t\t\t\t\t<img decoding=\"async\" width=\"1024\" height=\"1024\" src=\"https:\/\/ziyafetrestaurant.com\/en\/wp-content\/uploads\/2022\/11\/cipura-balik-1.jpg\" class=\"attachment-large size-large wp-image-1127\" alt=\"\" loading=\"lazy\" srcset=\"https:\/\/ziyafetrestaurant.com\/en\/wp-content\/uploads\/2022\/11\/cipura-balik-1.jpg 1024w, https:\/\/ziyafetrestaurant.com\/en\/wp-content\/uploads\/2022\/11\/cipura-balik-1-300x300.jpg 300w, https:\/\/ziyafetrestaurant.com\/en\/wp-content\/uploads\/2022\/11\/cipura-balik-1-150x150.jpg 150w, https:\/\/ziyafetrestaurant.com\/en\/wp-content\/uploads\/2022\/11\/cipura-balik-1-768x768.jpg 768w\" sizes=\"(max-width: 1024px) 100vw, 1024px\" \/>\t\t\t\t\t\t\t\t\t\t\t<figcaption class=\"widget-image-caption wp-caption-text\">Grilled Seabass or Seabream : 735\u20ba<\/figcaption>\n\t\t\t\t\t\t\t\t\t\t<\/figure>\n\t\t\t\t\t\t\t\t\t<\/div>\n\t\t\t\t<\/div>\n\t\t\t\t\t<\/div>\n\t\t<\/div>\n\t\t\t\t\t\t\t<\/div>\n\t\t<\/section>\n\t\t\t\t<section class=\"elementor-section elementor-top-section elementor-element elementor-element-6e4daec elementor-section-boxed elementor-section-height-default elementor-section-height-default\" data-id=\"6e4daec\" data-element_type=\"section\">\n\t\t\t\t\t\t<div class=\"elementor-container elementor-column-gap-default\">\n\t\t\t\t\t<div class=\"elementor-column elementor-col-50 elementor-top-column elementor-element elementor-element-a6488d9\" data-id=\"a6488d9\" data-element_type=\"column\">\n\t\t\t<div class=\"elementor-widget-wrap\">\n\t\t\t\t\t\t\t\t\t<\/div>\n\t\t<\/div>\n\t\t\t\t<div class=\"elementor-column elementor-col-50 elementor-top-column elementor-element elementor-element-d04ac59\" data-id=\"d04ac59\" data-element_type=\"column\">\n\t\t\t<div class=\"elementor-widget-wrap elementor-element-populated\">\n\t\t\t\t\t\t\t\t<div class=\"elementor-element elementor-element-a3833db elementor-widget elementor-widget-image\" data-id=\"a3833db\" data-element_type=\"widget\" data-widget_type=\"image.default\">\n\t\t\t\t<div class=\"elementor-widget-container\">\n\t\t\t\t\t\t\t\t\t\t\t\t<figure class=\"wp-caption\">\n\t\t\t\t\t\t\t\t\t\t<img decoding=\"async\" width=\"566\" height=\"340\" src=\"https:\/\/ziyafetrestaurant.com\/en\/wp-content\/uploads\/2022\/12\/demi-glace-soslu-bonfile.jpg\" class=\"attachment-large size-large wp-image-1321\" alt=\"\" loading=\"lazy\" srcset=\"https:\/\/ziyafetrestaurant.com\/en\/wp-content\/uploads\/2022\/12\/demi-glace-soslu-bonfile.jpg 566w, https:\/\/ziyafetrestaurant.com\/en\/wp-content\/uploads\/2022\/12\/demi-glace-soslu-bonfile-300x180.jpg 300w\" sizes=\"(max-width: 566px) 100vw, 566px\" \/>\t\t\t\t\t\t\t\t\t\t\t<figcaption class=\"widget-image-caption wp-caption-text\">Entrecote Demi Glace Sauce: 1100\u20ba<\/figcaption>\n\t\t\t\t\t\t\t\t\t\t<\/figure>\n\t\t\t\t\t\t\t\t\t<\/div>\n\t\t\t\t<\/div>\n\t\t\t\t\t<\/div>\n\t\t<\/div>\n\t\t\t\t\t\t\t<\/div>\n\t\t<\/section>\n\t\t\t\t<section class=\"elementor-section elementor-top-section elementor-element elementor-element-ff0ef24 elementor-section-boxed elementor-section-height-default elementor-section-height-default\" data-id=\"ff0ef24\" data-element_type=\"section\">\n\t\t\t\t\t\t<div class=\"elementor-container elementor-column-gap-default\">\n\t\t\t\t\t<div class=\"elementor-column elementor-col-50 elementor-top-column elementor-element elementor-element-03e5a0b\" data-id=\"03e5a0b\" data-element_type=\"column\">\n\t\t\t<div class=\"elementor-widget-wrap elementor-element-populated\">\n\t\t\t\t\t\t\t\t<div class=\"elementor-element elementor-element-b6e7111 elementor-widget elementor-widget-image\" data-id=\"b6e7111\" data-element_type=\"widget\" data-widget_type=\"image.default\">\n\t\t\t\t<div class=\"elementor-widget-container\">\n\t\t\t\t\t\t\t\t\t\t\t\t<figure class=\"wp-caption\">\n\t\t\t\t\t\t\t\t\t\t<img decoding=\"async\" width=\"550\" height=\"367\" src=\"https:\/\/ziyafetrestaurant.com\/en\/wp-content\/uploads\/2022\/12\/cafe-de-paris-soslu-bonfile.jpg\" class=\"attachment-large size-large wp-image-1322\" alt=\"\" loading=\"lazy\" srcset=\"https:\/\/ziyafetrestaurant.com\/en\/wp-content\/uploads\/2022\/12\/cafe-de-paris-soslu-bonfile.jpg 550w, https:\/\/ziyafetrestaurant.com\/en\/wp-content\/uploads\/2022\/12\/cafe-de-paris-soslu-bonfile-300x200.jpg 300w\" sizes=\"(max-width: 550px) 100vw, 550px\" \/>\t\t\t\t\t\t\t\t\t\t\t<figcaption class=\"widget-image-caption wp-caption-text\">Entrecote With Cafe de Paris Sauce:1050\u20ba<\/figcaption>\n\t\t\t\t\t\t\t\t\t\t<\/figure>\n\t\t\t\t\t\t\t\t\t<\/div>\n\t\t\t\t<\/div>\n\t\t\t\t<div class=\"elementor-element elementor-element-748900d elementor-widget elementor-widget-image\" data-id=\"748900d\" data-element_type=\"widget\" data-widget_type=\"image.default\">\n\t\t\t\t<div class=\"elementor-widget-container\">\n\t\t\t\t\t\t\t\t\t\t\t\t<figure class=\"wp-caption\">\n\t\t\t\t\t\t\t\t\t\t<img decoding=\"async\" width=\"1024\" height=\"682\" src=\"https:\/\/ziyafetrestaurant.com\/en\/wp-content\/uploads\/2022\/12\/kasarli-kofte-1024x682.jpg\" class=\"attachment-large size-large wp-image-1318\" alt=\"\" loading=\"lazy\" srcset=\"https:\/\/ziyafetrestaurant.com\/en\/wp-content\/uploads\/2022\/12\/kasarli-kofte-1024x682.jpg 1024w, https:\/\/ziyafetrestaurant.com\/en\/wp-content\/uploads\/2022\/12\/kasarli-kofte-300x200.jpg 300w, https:\/\/ziyafetrestaurant.com\/en\/wp-content\/uploads\/2022\/12\/kasarli-kofte-768x512.jpg 768w, https:\/\/ziyafetrestaurant.com\/en\/wp-content\/uploads\/2022\/12\/kasarli-kofte.jpg 1280w\" sizes=\"(max-width: 1024px) 100vw, 1024px\" \/>\t\t\t\t\t\t\t\t\t\t\t<figcaption class=\"widget-image-caption wp-caption-text\">Maetballs Stuffed With Cheese:540\u20ba<\/figcaption>\n\t\t\t\t\t\t\t\t\t\t<\/figure>\n\t\t\t\t\t\t\t\t\t<\/div>\n\t\t\t\t<\/div>\n\t\t\t\t\t<\/div>\n\t\t<\/div>\n\t\t\t\t<div class=\"elementor-column elementor-col-50 elementor-top-column elementor-element elementor-element-ae46c35\" data-id=\"ae46c35\" data-element_type=\"column\">\n\t\t\t<div class=\"elementor-widget-wrap\">\n\t\t\t\t\t\t\t\t\t<\/div>\n\t\t<\/div>\n\t\t\t\t\t\t\t<\/div>\n\t\t<\/section>\n\t\t\t\t<section class=\"elementor-section elementor-top-section elementor-element elementor-element-575677b elementor-section-boxed elementor-section-height-default elementor-section-height-default\" data-id=\"575677b\" data-element_type=\"section\">\n\t\t\t\t\t\t<div class=\"elementor-container elementor-column-gap-default\">\n\t\t\t\t\t<div class=\"elementor-column elementor-col-100 elementor-top-column elementor-element elementor-element-8da9436\" data-id=\"8da9436\" data-element_type=\"column\">\n\t\t\t<div class=\"elementor-widget-wrap elementor-element-populated\">\n\t\t\t\t\t\t\t\t<div class=\"elementor-element elementor-element-06bb7dd elementor-align-center elementor-widget elementor-widget-button\" data-id=\"06bb7dd\" data-element_type=\"widget\" data-widget_type=\"button.default\">\n\t\t\t\t<div class=\"elementor-widget-container\">\n\t\t\t\t\t<div class=\"elementor-button-wrapper\">\n\t\t\t<a href=\"https:\/\/ziyafetrestaurant.com\/en\/menu\/\" class=\"elementor-button-link elementor-button elementor-size-sm\" role=\"button\">\n\t\t\t\t\t\t<span class=\"elementor-button-content-wrapper\">\n\t\t\t\t\t\t<span class=\"elementor-button-text\">MEN\u00dcYE GER\u0130 D\u00d6N<\/span>\n\t\t<\/span>\n\t\t\t\t\t<\/a>\n\t\t<\/div>\n\t\t\t\t<\/div>\n\t\t\t\t<\/div>\n\t\t\t\t\t<\/div>\n\t\t<\/div>\n\t\t\t\t\t\t\t<\/div>\n\t\t<\/section>\n\t\t\t\t\t\t\t<\/div>\n\t\t","protected":false},"excerpt":{"rendered":"<p>Grilled Lamb Chops: 1050\u20ba Grilled Chicken Breast: 510\u20ba Grilled Chicken [&hellip;]<\/p>\n","protected":false},"author":1,"featured_media":0,"parent":0,"menu_order":0,"comment_status":"closed","ping_status":"closed","template":"elementor_header_footer","meta":[],"_links":{"self":[{"href":"https:\/\/ziyafetrestaurant.com\/en\/wp-json\/wp\/v2\/pages\/416"}],"collection":[{"href":"https:\/\/ziyafetrestaurant.com\/en\/wp-json\/wp\/v2\/pages"}],"about":[{"href":"https:\/\/ziyafetrestaurant.com\/en\/wp-json\/wp\/v2\/types\/page"}],"author":[{"embeddable":true,"href":"https:\/\/ziyafetrestaurant.com\/en\/wp-json\/wp\/v2\/users\/1"}],"replies":[{"embeddable":true,"href":"https:\/\/ziyafetrestaurant.com\/en\/wp-json\/wp\/v2\/comments?post=416"}],"version-history":[{"count":136,"href":"https:\/\/ziyafetrestaurant.com\/en\/wp-json\/wp\/v2\/pages\/416\/revisions"}],"predecessor-version":[{"id":2290,"href":"https:\/\/ziyafetrestaurant.com\/en\/wp-json\/wp\/v2\/pages\/416\/revisions\/2290"}],"wp:attachment":[{"href":"https:\/\/ziyafetrestaurant.com\/en\/wp-json\/wp\/v2\/media?parent=416"}],"curies":[{"name":"wp","href":"https:\/\/api.w.org\/{rel}","templated":true}]}}