{"id":452,"date":"2022-11-01T13:53:23","date_gmt":"2022-11-01T13:53:23","guid":{"rendered":"https:\/\/ziyafetrestaurant.com\/en\/?page_id=452"},"modified":"2025-10-21T11:26:30","modified_gmt":"2025-10-21T11:26:30","slug":"sicak-icecekler","status":"publish","type":"page","link":"https:\/\/ziyafetrestaurant.com\/en\/sicak-icecekler\/","title":{"rendered":"SICAK \u0130\u00c7ECEKLER"},"content":{"rendered":"\t\t<div data-elementor-type=\"wp-page\" data-elementor-id=\"452\" class=\"elementor elementor-452\">\n\t\t\t\t\t\t\t\t\t<section class=\"elementor-section elementor-top-section elementor-element elementor-element-af20a12 elementor-section-boxed elementor-section-height-default elementor-section-height-default\" data-id=\"af20a12\" data-element_type=\"section\">\n\t\t\t\t\t\t<div class=\"elementor-container elementor-column-gap-default\">\n\t\t\t\t\t<div class=\"elementor-column elementor-col-33 elementor-top-column elementor-element elementor-element-30bbbc0\" data-id=\"30bbbc0\" data-element_type=\"column\">\n\t\t\t<div class=\"elementor-widget-wrap elementor-element-populated\">\n\t\t\t\t\t\t\t\t<div class=\"elementor-element elementor-element-139d6a3 elementor-widget elementor-widget-image\" data-id=\"139d6a3\" data-element_type=\"widget\" data-widget_type=\"image.default\">\n\t\t\t\t<div class=\"elementor-widget-container\">\n\t\t\t<style>\/*! elementor - v3.11.1 - 15-02-2023 *\/\n.elementor-widget-image{text-align:center}.elementor-widget-image a{display:inline-block}.elementor-widget-image a img[src$=\".svg\"]{width:48px}.elementor-widget-image img{vertical-align:middle;display:inline-block}<\/style>\t\t\t\t\t\t\t\t\t<figure class=\"wp-caption\">\n\t\t\t\t\t\t\t\t\t\t<img decoding=\"async\" width=\"1024\" height=\"1024\" src=\"https:\/\/ziyafetrestaurant.com\/en\/wp-content\/uploads\/2022\/11\/Cay.jpg\" class=\"attachment-large size-large wp-image-1039\" alt=\"\" loading=\"lazy\" srcset=\"https:\/\/ziyafetrestaurant.com\/en\/wp-content\/uploads\/2022\/11\/Cay.jpg 1024w, https:\/\/ziyafetrestaurant.com\/en\/wp-content\/uploads\/2022\/11\/Cay-300x300.jpg 300w, https:\/\/ziyafetrestaurant.com\/en\/wp-content\/uploads\/2022\/11\/Cay-150x150.jpg 150w, https:\/\/ziyafetrestaurant.com\/en\/wp-content\/uploads\/2022\/11\/Cay-768x768.jpg 768w\" sizes=\"(max-width: 1024px) 100vw, 1024px\" \/>\t\t\t\t\t\t\t\t\t\t\t<figcaption class=\"widget-image-caption wp-caption-text\">Turkish Tea : 75\u20ba<\/figcaption>\n\t\t\t\t\t\t\t\t\t\t<\/figure>\n\t\t\t\t\t\t\t\t\t<\/div>\n\t\t\t\t<\/div>\n\t\t\t\t\t<\/div>\n\t\t<\/div>\n\t\t\t\t<div class=\"elementor-column elementor-col-33 elementor-top-column elementor-element elementor-element-f980f68\" data-id=\"f980f68\" data-element_type=\"column\">\n\t\t\t<div class=\"elementor-widget-wrap elementor-element-populated\">\n\t\t\t\t\t\t\t\t<div class=\"elementor-element elementor-element-2a60999 elementor-widget elementor-widget-image\" data-id=\"2a60999\" data-element_type=\"widget\" data-widget_type=\"image.default\">\n\t\t\t\t<div class=\"elementor-widget-container\">\n\t\t\t\t\t\t\t\t\t\t\t\t<figure class=\"wp-caption\">\n\t\t\t\t\t\t\t\t\t\t<img decoding=\"async\" width=\"1024\" height=\"1024\" src=\"https:\/\/ziyafetrestaurant.com\/en\/wp-content\/uploads\/2022\/11\/Fincan-Cay.jpeg\" class=\"attachment-large size-large wp-image-1056\" alt=\"\" loading=\"lazy\" srcset=\"https:\/\/ziyafetrestaurant.com\/en\/wp-content\/uploads\/2022\/11\/Fincan-Cay.jpeg 1024w, https:\/\/ziyafetrestaurant.com\/en\/wp-content\/uploads\/2022\/11\/Fincan-Cay-300x300.jpeg 300w, https:\/\/ziyafetrestaurant.com\/en\/wp-content\/uploads\/2022\/11\/Fincan-Cay-150x150.jpeg 150w, https:\/\/ziyafetrestaurant.com\/en\/wp-content\/uploads\/2022\/11\/Fincan-Cay-768x768.jpeg 768w\" sizes=\"(max-width: 1024px) 100vw, 1024px\" \/>\t\t\t\t\t\t\t\t\t\t\t<figcaption class=\"widget-image-caption wp-caption-text\">Cup Of Tea 125\u20ba<\/figcaption>\n\t\t\t\t\t\t\t\t\t\t<\/figure>\n\t\t\t\t\t\t\t\t\t<\/div>\n\t\t\t\t<\/div>\n\t\t\t\t\t<\/div>\n\t\t<\/div>\n\t\t\t\t<div class=\"elementor-column elementor-col-33 elementor-top-column elementor-element elementor-element-5e98c86\" data-id=\"5e98c86\" data-element_type=\"column\">\n\t\t\t<div class=\"elementor-widget-wrap elementor-element-populated\">\n\t\t\t\t\t\t\t\t<div class=\"elementor-element elementor-element-f92941b elementor-widget elementor-widget-image\" data-id=\"f92941b\" data-element_type=\"widget\" data-widget_type=\"image.default\">\n\t\t\t\t<div class=\"elementor-widget-container\">\n\t\t\t\t\t\t\t\t\t\t\t\t<figure class=\"wp-caption\">\n\t\t\t\t\t\t\t\t\t\t<img decoding=\"async\" width=\"1024\" height=\"1024\" src=\"https:\/\/ziyafetrestaurant.com\/en\/wp-content\/uploads\/2022\/11\/bitki-cayi.jpeg\" class=\"attachment-large size-large wp-image-1057\" alt=\"\" loading=\"lazy\" srcset=\"https:\/\/ziyafetrestaurant.com\/en\/wp-content\/uploads\/2022\/11\/bitki-cayi.jpeg 1024w, https:\/\/ziyafetrestaurant.com\/en\/wp-content\/uploads\/2022\/11\/bitki-cayi-300x300.jpeg 300w, https:\/\/ziyafetrestaurant.com\/en\/wp-content\/uploads\/2022\/11\/bitki-cayi-150x150.jpeg 150w, https:\/\/ziyafetrestaurant.com\/en\/wp-content\/uploads\/2022\/11\/bitki-cayi-768x768.jpeg 768w\" sizes=\"(max-width: 1024px) 100vw, 1024px\" \/>\t\t\t\t\t\t\t\t\t\t\t<figcaption class=\"widget-image-caption wp-caption-text\">Herbal Tea :140\u20ba<\/figcaption>\n\t\t\t\t\t\t\t\t\t\t<\/figure>\n\t\t\t\t\t\t\t\t\t<\/div>\n\t\t\t\t<\/div>\n\t\t\t\t\t<\/div>\n\t\t<\/div>\n\t\t\t\t\t\t\t<\/div>\n\t\t<\/section>\n\t\t\t\t<section class=\"elementor-section elementor-top-section elementor-element elementor-element-1fc9209 elementor-section-boxed elementor-section-height-default elementor-section-height-default\" data-id=\"1fc9209\" data-element_type=\"section\">\n\t\t\t\t\t\t<div class=\"elementor-container elementor-column-gap-default\">\n\t\t\t\t\t<div class=\"elementor-column elementor-col-33 elementor-top-column elementor-element elementor-element-8e6b3f5\" data-id=\"8e6b3f5\" data-element_type=\"column\">\n\t\t\t<div class=\"elementor-widget-wrap elementor-element-populated\">\n\t\t\t\t\t\t\t\t<div class=\"elementor-element elementor-element-fa986bc elementor-widget elementor-widget-image\" data-id=\"fa986bc\" data-element_type=\"widget\" data-widget_type=\"image.default\">\n\t\t\t\t<div class=\"elementor-widget-container\">\n\t\t\t\t\t\t\t\t\t\t\t\t<figure class=\"wp-caption\">\n\t\t\t\t\t\t\t\t\t\t<img decoding=\"async\" width=\"1024\" height=\"1024\" src=\"https:\/\/ziyafetrestaurant.com\/en\/wp-content\/uploads\/2022\/11\/turk-kahvesi.1.jpeg\" class=\"attachment-large size-large wp-image-1072\" alt=\"\" loading=\"lazy\" srcset=\"https:\/\/ziyafetrestaurant.com\/en\/wp-content\/uploads\/2022\/11\/turk-kahvesi.1.jpeg 1024w, https:\/\/ziyafetrestaurant.com\/en\/wp-content\/uploads\/2022\/11\/turk-kahvesi.1-300x300.jpeg 300w, https:\/\/ziyafetrestaurant.com\/en\/wp-content\/uploads\/2022\/11\/turk-kahvesi.1-150x150.jpeg 150w, https:\/\/ziyafetrestaurant.com\/en\/wp-content\/uploads\/2022\/11\/turk-kahvesi.1-768x768.jpeg 768w\" sizes=\"(max-width: 1024px) 100vw, 1024px\" \/>\t\t\t\t\t\t\t\t\t\t\t<figcaption class=\"widget-image-caption wp-caption-text\">Turkish Coffe: 140\u20ba<\/figcaption>\n\t\t\t\t\t\t\t\t\t\t<\/figure>\n\t\t\t\t\t\t\t\t\t<\/div>\n\t\t\t\t<\/div>\n\t\t\t\t\t<\/div>\n\t\t<\/div>\n\t\t\t\t<div class=\"elementor-column elementor-col-33 elementor-top-column elementor-element elementor-element-ed18c0c\" data-id=\"ed18c0c\" data-element_type=\"column\">\n\t\t\t<div class=\"elementor-widget-wrap elementor-element-populated\">\n\t\t\t\t\t\t\t\t<div class=\"elementor-element elementor-element-ffc86e2 elementor-widget elementor-widget-image\" data-id=\"ffc86e2\" data-element_type=\"widget\" data-widget_type=\"image.default\">\n\t\t\t\t<div class=\"elementor-widget-container\">\n\t\t\t\t\t\t\t\t\t\t\t\t<figure class=\"wp-caption\">\n\t\t\t\t\t\t\t\t\t\t<img decoding=\"async\" width=\"1024\" height=\"1024\" src=\"https:\/\/ziyafetrestaurant.com\/en\/wp-content\/uploads\/2022\/11\/espresso.jpeg\" class=\"attachment-large size-large wp-image-1058\" alt=\"\" loading=\"lazy\" srcset=\"https:\/\/ziyafetrestaurant.com\/en\/wp-content\/uploads\/2022\/11\/espresso.jpeg 1024w, https:\/\/ziyafetrestaurant.com\/en\/wp-content\/uploads\/2022\/11\/espresso-300x300.jpeg 300w, https:\/\/ziyafetrestaurant.com\/en\/wp-content\/uploads\/2022\/11\/espresso-150x150.jpeg 150w, https:\/\/ziyafetrestaurant.com\/en\/wp-content\/uploads\/2022\/11\/espresso-768x768.jpeg 768w\" sizes=\"(max-width: 1024px) 100vw, 1024px\" \/>\t\t\t\t\t\t\t\t\t\t\t<figcaption class=\"widget-image-caption wp-caption-text\">ESPRESSO: 130\u20ba<\/figcaption>\n\t\t\t\t\t\t\t\t\t\t<\/figure>\n\t\t\t\t\t\t\t\t\t<\/div>\n\t\t\t\t<\/div>\n\t\t\t\t\t<\/div>\n\t\t<\/div>\n\t\t\t\t<div class=\"elementor-column elementor-col-33 elementor-top-column elementor-element elementor-element-1de6768\" data-id=\"1de6768\" data-element_type=\"column\">\n\t\t\t<div class=\"elementor-widget-wrap elementor-element-populated\">\n\t\t\t\t\t\t\t\t<div class=\"elementor-element elementor-element-999d75e elementor-widget elementor-widget-image\" data-id=\"999d75e\" data-element_type=\"widget\" data-widget_type=\"image.default\">\n\t\t\t\t<div class=\"elementor-widget-container\">\n\t\t\t\t\t\t\t\t\t\t\t\t<figure class=\"wp-caption\">\n\t\t\t\t\t\t\t\t\t\t<img decoding=\"async\" width=\"1024\" height=\"1024\" src=\"https:\/\/ziyafetrestaurant.com\/en\/wp-content\/uploads\/2022\/11\/double-espresso.jpeg\" class=\"attachment-large size-large wp-image-1059\" alt=\"\" loading=\"lazy\" srcset=\"https:\/\/ziyafetrestaurant.com\/en\/wp-content\/uploads\/2022\/11\/double-espresso.jpeg 1024w, https:\/\/ziyafetrestaurant.com\/en\/wp-content\/uploads\/2022\/11\/double-espresso-300x300.jpeg 300w, https:\/\/ziyafetrestaurant.com\/en\/wp-content\/uploads\/2022\/11\/double-espresso-150x150.jpeg 150w, https:\/\/ziyafetrestaurant.com\/en\/wp-content\/uploads\/2022\/11\/double-espresso-768x768.jpeg 768w\" sizes=\"(max-width: 1024px) 100vw, 1024px\" \/>\t\t\t\t\t\t\t\t\t\t\t<figcaption class=\"widget-image-caption wp-caption-text\">DOUBLE ESPRESSO: 200\u20ba<\/figcaption>\n\t\t\t\t\t\t\t\t\t\t<\/figure>\n\t\t\t\t\t\t\t\t\t<\/div>\n\t\t\t\t<\/div>\n\t\t\t\t\t<\/div>\n\t\t<\/div>\n\t\t\t\t\t\t\t<\/div>\n\t\t<\/section>\n\t\t\t\t<section class=\"elementor-section elementor-top-section elementor-element elementor-element-0c70a8d elementor-section-boxed elementor-section-height-default elementor-section-height-default\" data-id=\"0c70a8d\" data-element_type=\"section\">\n\t\t\t\t\t\t<div class=\"elementor-container elementor-column-gap-default\">\n\t\t\t\t\t<div class=\"elementor-column elementor-col-33 elementor-top-column elementor-element elementor-element-48062db\" data-id=\"48062db\" data-element_type=\"column\">\n\t\t\t<div class=\"elementor-widget-wrap elementor-element-populated\">\n\t\t\t\t\t\t\t\t<div class=\"elementor-element elementor-element-0396b12 elementor-widget elementor-widget-image\" data-id=\"0396b12\" data-element_type=\"widget\" data-widget_type=\"image.default\">\n\t\t\t\t<div class=\"elementor-widget-container\">\n\t\t\t\t\t\t\t\t\t\t\t\t<figure class=\"wp-caption\">\n\t\t\t\t\t\t\t\t\t\t<img decoding=\"async\" width=\"1024\" height=\"1024\" src=\"https:\/\/ziyafetrestaurant.com\/en\/wp-content\/uploads\/2022\/11\/cappucino.jpeg\" class=\"attachment-large size-large wp-image-1060\" alt=\"\" loading=\"lazy\" srcset=\"https:\/\/ziyafetrestaurant.com\/en\/wp-content\/uploads\/2022\/11\/cappucino.jpeg 1024w, https:\/\/ziyafetrestaurant.com\/en\/wp-content\/uploads\/2022\/11\/cappucino-300x300.jpeg 300w, https:\/\/ziyafetrestaurant.com\/en\/wp-content\/uploads\/2022\/11\/cappucino-150x150.jpeg 150w, https:\/\/ziyafetrestaurant.com\/en\/wp-content\/uploads\/2022\/11\/cappucino-768x768.jpeg 768w\" sizes=\"(max-width: 1024px) 100vw, 1024px\" \/>\t\t\t\t\t\t\t\t\t\t\t<figcaption class=\"widget-image-caption wp-caption-text\">CAPPUC\u0130NO: 190\u20ba<\/figcaption>\n\t\t\t\t\t\t\t\t\t\t<\/figure>\n\t\t\t\t\t\t\t\t\t<\/div>\n\t\t\t\t<\/div>\n\t\t\t\t\t<\/div>\n\t\t<\/div>\n\t\t\t\t<div class=\"elementor-column elementor-col-33 elementor-top-column elementor-element elementor-element-153c0d1\" data-id=\"153c0d1\" data-element_type=\"column\">\n\t\t\t<div class=\"elementor-widget-wrap elementor-element-populated\">\n\t\t\t\t\t\t\t\t<div class=\"elementor-element elementor-element-dd2721a elementor-widget elementor-widget-image\" data-id=\"dd2721a\" data-element_type=\"widget\" data-widget_type=\"image.default\">\n\t\t\t\t<div class=\"elementor-widget-container\">\n\t\t\t\t\t\t\t\t\t\t\t\t<figure class=\"wp-caption\">\n\t\t\t\t\t\t\t\t\t\t<img decoding=\"async\" width=\"1024\" height=\"1024\" src=\"https:\/\/ziyafetrestaurant.com\/en\/wp-content\/uploads\/2022\/11\/americano.jpeg\" class=\"attachment-large size-large wp-image-1061\" alt=\"\" loading=\"lazy\" srcset=\"https:\/\/ziyafetrestaurant.com\/en\/wp-content\/uploads\/2022\/11\/americano.jpeg 1024w, https:\/\/ziyafetrestaurant.com\/en\/wp-content\/uploads\/2022\/11\/americano-300x300.jpeg 300w, https:\/\/ziyafetrestaurant.com\/en\/wp-content\/uploads\/2022\/11\/americano-150x150.jpeg 150w, https:\/\/ziyafetrestaurant.com\/en\/wp-content\/uploads\/2022\/11\/americano-768x768.jpeg 768w\" sizes=\"(max-width: 1024px) 100vw, 1024px\" \/>\t\t\t\t\t\t\t\t\t\t\t<figcaption class=\"widget-image-caption wp-caption-text\">AMERICANO: 1750\u20ba<\/figcaption>\n\t\t\t\t\t\t\t\t\t\t<\/figure>\n\t\t\t\t\t\t\t\t\t<\/div>\n\t\t\t\t<\/div>\n\t\t\t\t\t<\/div>\n\t\t<\/div>\n\t\t\t\t<div class=\"elementor-column elementor-col-33 elementor-top-column elementor-element elementor-element-e479eb0\" data-id=\"e479eb0\" data-element_type=\"column\">\n\t\t\t<div class=\"elementor-widget-wrap elementor-element-populated\">\n\t\t\t\t\t\t\t\t<div class=\"elementor-element elementor-element-73bf07a elementor-widget elementor-widget-image\" data-id=\"73bf07a\" data-element_type=\"widget\" data-widget_type=\"image.default\">\n\t\t\t\t<div class=\"elementor-widget-container\">\n\t\t\t\t\t\t\t\t\t\t\t\t<figure class=\"wp-caption\">\n\t\t\t\t\t\t\t\t\t\t<img decoding=\"async\" width=\"1024\" height=\"1024\" src=\"https:\/\/ziyafetrestaurant.com\/en\/wp-content\/uploads\/2022\/11\/latte.jpeg\" class=\"attachment-large size-large wp-image-1065\" alt=\"\" loading=\"lazy\" srcset=\"https:\/\/ziyafetrestaurant.com\/en\/wp-content\/uploads\/2022\/11\/latte.jpeg 1024w, https:\/\/ziyafetrestaurant.com\/en\/wp-content\/uploads\/2022\/11\/latte-300x300.jpeg 300w, https:\/\/ziyafetrestaurant.com\/en\/wp-content\/uploads\/2022\/11\/latte-150x150.jpeg 150w, https:\/\/ziyafetrestaurant.com\/en\/wp-content\/uploads\/2022\/11\/latte-768x768.jpeg 768w\" sizes=\"(max-width: 1024px) 100vw, 1024px\" \/>\t\t\t\t\t\t\t\t\t\t\t<figcaption class=\"widget-image-caption wp-caption-text\">CAFFE LATTE: 190\u20ba<\/figcaption>\n\t\t\t\t\t\t\t\t\t\t<\/figure>\n\t\t\t\t\t\t\t\t\t<\/div>\n\t\t\t\t<\/div>\n\t\t\t\t\t<\/div>\n\t\t<\/div>\n\t\t\t\t\t\t\t<\/div>\n\t\t<\/section>\n\t\t\t\t<section class=\"elementor-section elementor-top-section elementor-element elementor-element-5f1aab7 elementor-section-boxed elementor-section-height-default elementor-section-height-default\" data-id=\"5f1aab7\" data-element_type=\"section\">\n\t\t\t\t\t\t<div class=\"elementor-container elementor-column-gap-default\">\n\t\t\t\t\t<div class=\"elementor-column elementor-col-33 elementor-top-column elementor-element elementor-element-719590b\" data-id=\"719590b\" data-element_type=\"column\">\n\t\t\t<div class=\"elementor-widget-wrap elementor-element-populated\">\n\t\t\t\t\t\t\t\t<div class=\"elementor-element elementor-element-45a75c9 elementor-widget elementor-widget-image\" data-id=\"45a75c9\" data-element_type=\"widget\" data-widget_type=\"image.default\">\n\t\t\t\t<div class=\"elementor-widget-container\">\n\t\t\t\t\t\t\t\t\t\t\t\t<figure class=\"wp-caption\">\n\t\t\t\t\t\t\t\t\t\t<img decoding=\"async\" width=\"1024\" height=\"1024\" src=\"https:\/\/ziyafetrestaurant.com\/en\/wp-content\/uploads\/2022\/11\/s.cik_.2.jpeg\" class=\"attachment-large size-large wp-image-1066\" alt=\"\" loading=\"lazy\" srcset=\"https:\/\/ziyafetrestaurant.com\/en\/wp-content\/uploads\/2022\/11\/s.cik_.2.jpeg 1024w, https:\/\/ziyafetrestaurant.com\/en\/wp-content\/uploads\/2022\/11\/s.cik_.2-300x300.jpeg 300w, https:\/\/ziyafetrestaurant.com\/en\/wp-content\/uploads\/2022\/11\/s.cik_.2-150x150.jpeg 150w, https:\/\/ziyafetrestaurant.com\/en\/wp-content\/uploads\/2022\/11\/s.cik_.2-768x768.jpeg 768w\" sizes=\"(max-width: 1024px) 100vw, 1024px\" \/>\t\t\t\t\t\t\t\t\t\t\t<figcaption class=\"widget-image-caption wp-caption-text\">Hot Chocolate: 190\u20ba<\/figcaption>\n\t\t\t\t\t\t\t\t\t\t<\/figure>\n\t\t\t\t\t\t\t\t\t<\/div>\n\t\t\t\t<\/div>\n\t\t\t\t\t<\/div>\n\t\t<\/div>\n\t\t\t\t<div class=\"elementor-column elementor-col-33 elementor-top-column elementor-element elementor-element-a072d9f\" data-id=\"a072d9f\" data-element_type=\"column\">\n\t\t\t<div class=\"elementor-widget-wrap elementor-element-populated\">\n\t\t\t\t\t\t\t\t<div class=\"elementor-element elementor-element-711312d elementor-widget elementor-widget-image\" data-id=\"711312d\" data-element_type=\"widget\" data-widget_type=\"image.default\">\n\t\t\t\t<div class=\"elementor-widget-container\">\n\t\t\t\t\t\t\t\t\t\t\t\t<figure class=\"wp-caption\">\n\t\t\t\t\t\t\t\t\t\t<img decoding=\"async\" width=\"1024\" height=\"1024\" src=\"https:\/\/ziyafetrestaurant.com\/en\/wp-content\/uploads\/2022\/11\/demleme-bitki-cayi.jpeg\" class=\"attachment-large size-large wp-image-1067\" alt=\"\" loading=\"lazy\" srcset=\"https:\/\/ziyafetrestaurant.com\/en\/wp-content\/uploads\/2022\/11\/demleme-bitki-cayi.jpeg 1024w, https:\/\/ziyafetrestaurant.com\/en\/wp-content\/uploads\/2022\/11\/demleme-bitki-cayi-300x300.jpeg 300w, https:\/\/ziyafetrestaurant.com\/en\/wp-content\/uploads\/2022\/11\/demleme-bitki-cayi-150x150.jpeg 150w, https:\/\/ziyafetrestaurant.com\/en\/wp-content\/uploads\/2022\/11\/demleme-bitki-cayi-768x768.jpeg 768w\" sizes=\"(max-width: 1024px) 100vw, 1024px\" \/>\t\t\t\t\t\t\t\t\t\t\t<figcaption class=\"widget-image-caption wp-caption-text\">Herbal tea : 140\u20ba<\/figcaption>\n\t\t\t\t\t\t\t\t\t\t<\/figure>\n\t\t\t\t\t\t\t\t\t<\/div>\n\t\t\t\t<\/div>\n\t\t\t\t\t<\/div>\n\t\t<\/div>\n\t\t\t\t<div class=\"elementor-column elementor-col-33 elementor-top-column elementor-element elementor-element-0207b2b\" data-id=\"0207b2b\" data-element_type=\"column\">\n\t\t\t<div class=\"elementor-widget-wrap elementor-element-populated\">\n\t\t\t\t\t\t\t\t<div class=\"elementor-element elementor-element-6c62427 elementor-widget elementor-widget-image\" data-id=\"6c62427\" data-element_type=\"widget\" data-widget_type=\"image.default\">\n\t\t\t\t<div class=\"elementor-widget-container\">\n\t\t\t\t\t\t\t\t\t\t\t\t<figure class=\"wp-caption\">\n\t\t\t\t\t\t\t\t\t\t<img decoding=\"async\" width=\"1024\" height=\"1024\" src=\"https:\/\/ziyafetrestaurant.com\/en\/wp-content\/uploads\/2022\/11\/sut.3.jpeg\" class=\"attachment-large size-large wp-image-1068\" alt=\"\" loading=\"lazy\" srcset=\"https:\/\/ziyafetrestaurant.com\/en\/wp-content\/uploads\/2022\/11\/sut.3.jpeg 1024w, https:\/\/ziyafetrestaurant.com\/en\/wp-content\/uploads\/2022\/11\/sut.3-300x300.jpeg 300w, https:\/\/ziyafetrestaurant.com\/en\/wp-content\/uploads\/2022\/11\/sut.3-150x150.jpeg 150w, https:\/\/ziyafetrestaurant.com\/en\/wp-content\/uploads\/2022\/11\/sut.3-768x768.jpeg 768w\" sizes=\"(max-width: 1024px) 100vw, 1024px\" \/>\t\t\t\t\t\t\t\t\t\t\t<figcaption class=\"widget-image-caption wp-caption-text\">Milk: 100\u20ba<\/figcaption>\n\t\t\t\t\t\t\t\t\t\t<\/figure>\n\t\t\t\t\t\t\t\t\t<\/div>\n\t\t\t\t<\/div>\n\t\t\t\t\t<\/div>\n\t\t<\/div>\n\t\t\t\t\t\t\t<\/div>\n\t\t<\/section>\n\t\t\t\t<section class=\"elementor-section elementor-top-section elementor-element elementor-element-a02bd92 elementor-section-boxed elementor-section-height-default elementor-section-height-default\" data-id=\"a02bd92\" data-element_type=\"section\">\n\t\t\t\t\t\t<div class=\"elementor-container elementor-column-gap-default\">\n\t\t\t\t\t<div class=\"elementor-column elementor-col-100 elementor-top-column elementor-element elementor-element-fe7b1bb\" data-id=\"fe7b1bb\" data-element_type=\"column\">\n\t\t\t<div class=\"elementor-widget-wrap elementor-element-populated\">\n\t\t\t\t\t\t\t\t<div class=\"elementor-element elementor-element-89c1b51 elementor-align-center elementor-widget elementor-widget-button\" data-id=\"89c1b51\" data-element_type=\"widget\" data-widget_type=\"button.default\">\n\t\t\t\t<div class=\"elementor-widget-container\">\n\t\t\t\t\t<div class=\"elementor-button-wrapper\">\n\t\t\t<a href=\"https:\/\/ziyafetrestaurant.com\/en\/menu\/\" class=\"elementor-button-link elementor-button elementor-size-sm\" role=\"button\">\n\t\t\t\t\t\t<span class=\"elementor-button-content-wrapper\">\n\t\t\t\t\t\t<span class=\"elementor-button-text\">MEN\u00dcYE GER\u0130 D\u00d6N<\/span>\n\t\t<\/span>\n\t\t\t\t\t<\/a>\n\t\t<\/div>\n\t\t\t\t<\/div>\n\t\t\t\t<\/div>\n\t\t\t\t\t<\/div>\n\t\t<\/div>\n\t\t\t\t\t\t\t<\/div>\n\t\t<\/section>\n\t\t\t\t\t\t\t<\/div>\n\t\t","protected":false},"excerpt":{"rendered":"<p>Turkish Tea : 75\u20ba Cup Of Tea 125\u20ba Herbal Tea [&hellip;]<\/p>\n","protected":false},"author":1,"featured_media":0,"parent":0,"menu_order":0,"comment_status":"closed","ping_status":"closed","template":"elementor_header_footer","meta":[],"_links":{"self":[{"href":"https:\/\/ziyafetrestaurant.com\/en\/wp-json\/wp\/v2\/pages\/452"}],"collection":[{"href":"https:\/\/ziyafetrestaurant.com\/en\/wp-json\/wp\/v2\/pages"}],"about":[{"href":"https:\/\/ziyafetrestaurant.com\/en\/wp-json\/wp\/v2\/types\/page"}],"author":[{"embeddable":true,"href":"https:\/\/ziyafetrestaurant.com\/en\/wp-json\/wp\/v2\/users\/1"}],"replies":[{"embeddable":true,"href":"https:\/\/ziyafetrestaurant.com\/en\/wp-json\/wp\/v2\/comments?post=452"}],"version-history":[{"count":79,"href":"https:\/\/ziyafetrestaurant.com\/en\/wp-json\/wp\/v2\/pages\/452\/revisions"}],"predecessor-version":[{"id":2312,"href":"https:\/\/ziyafetrestaurant.com\/en\/wp-json\/wp\/v2\/pages\/452\/revisions\/2312"}],"wp:attachment":[{"href":"https:\/\/ziyafetrestaurant.com\/en\/wp-json\/wp\/v2\/media?parent=452"}],"curies":[{"name":"wp","href":"https:\/\/api.w.org\/{rel}","templated":true}]}}